{"id":171,"date":"2016-11-10T00:35:45","date_gmt":"2016-11-09T23:35:45","guid":{"rendered":"http:\/\/sjo.strony.uw.edu.pl\/?page_id=171"},"modified":"2025-07-15T12:58:03","modified_gmt":"2025-07-15T12:58:03","slug":"171-2","status":"publish","type":"page","link":"https:\/\/szjo.uw.edu.pl\/?page_id=171","title":{"rendered":"Konsultacje i adresy mailowe lektor\u00f3w"},"content":{"rendered":"<p>&nbsp;<\/p>\n<table>\n<tbody>\n<tr>\n<td><\/td>\n<td>W okresie trwania zaj\u0119\u0107<\/td>\n<td>W sesji<\/td>\n<\/tr>\n<tr>\n<td>Lektorzy j. angielskiego<\/td>\n<td><a href=\"https:\/\/docs.google.com\/document\/d\/1bN2lefNw8BVmCgjLR-F14_b93XHC5vucKjaosNAysCk\/edit?usp=sharing\" target=\"_blank\" rel=\"noopener\">kliknij<\/a><\/td>\n<td><a href=\"https:\/\/docs.google.com\/document\/d\/1tQBUzRAW23_oE7mfMok_Kdr6j4-z5imNhlD9veWueyk\/edit?usp=sharing\" target=\"_blank\" rel=\"noopener\">kliknij<\/a><\/td>\n<\/tr>\n<tr>\n<td>Lektorzy j. niemieckiego, niderlandzkiego, norweskiego, szwedzkiego<\/td>\n<td><a href=\"https:\/\/docs.google.com\/document\/d\/1mEaFbmQE6Z9aUNXazu4SxGb6ugwZ7nDbQ1cOIcwo6NM\/edit?usp=sharing\" target=\"_blank\" rel=\"noopener\">kliknij<\/a><\/td>\n<td><a href=\"https:\/\/docs.google.com\/document\/d\/1Uisx9xddqVL_gPYx57YO0vdpu-0pGJgZz1pxWmUeF6k\/edit?usp=sharing\" target=\"_blank\" rel=\"noopener\">kliknij<\/a><\/td>\n<\/tr>\n<tr>\n<td>Lektorzy j. francuskiego, hiszpa\u0144skiego, w\u0142oskiego<\/td>\n<td><a href=\"https:\/\/docs.google.com\/document\/d\/15KlYJChtjOH0T714fq3MLGzTYt65AYkdQflqkVVixPc\/edit?usp=sharing\" target=\"_blank\" rel=\"noopener\">kliknij<\/a><\/td>\n<td><a href=\"https:\/\/docs.google.com\/document\/d\/1HcPzJHjhhuB9Tf7lR_2s6i_wH6rgI_rttCypeVdH9cg\/edit?usp=sharing\" target=\"_blank\" rel=\"noopener\">kliknij<\/a><\/td>\n<\/tr>\n<tr>\n<td>Lektorzy j. rosyjskiego<\/td>\n<td><a href=\"https:\/\/docs.google.com\/document\/d\/1jHR9hco35m9auOzdD4lIqDirz7ZG9wlUzX4PdsEUB4Y\/edit?usp=sharing\" target=\"_blank\" rel=\"noopener\">kliknij<\/a><\/td>\n<td><a href=\"https:\/\/docs.google.com\/document\/d\/1e3HciPiTF7B5HqCWHvsXRrm39XEkcqFxmIANFYTKLxM\/edit?usp=sharing\" target=\"_blank\" rel=\"noopener\">kliknij<\/a><\/td>\n<\/tr>\n<\/tbody>\n<\/table>\n<p>Po klikni\u0119ciu odpowiedniego odno\u015bnika otworzy si\u0119 strona zawieraj\u0105ca <b>aktualne terminy dy\u017cur\u00f3w<\/b> oraz <b>adresy mailowe lektor\u00f3w CNJO<\/b>.<\/p>\n<p>Dy\u017cury odbywaj\u0105 si\u0119 <b>wy\u0142\u0105cznie w okresie trwania zaj\u0119\u0107 oraz w sesji egzaminacyjnej<\/b>. Poza tymi terminami dy\u017cury nie s\u0105 prowadzone.<\/p>\n<p>W przypadku <b>braku informacji o dy\u017curze<\/b> lub gdy zauwa\u017cysz, \u017ce <b>jest ona nieaktualna<\/b>, prosimy o bezpo\u015bredni <b>kontakt mailowy z lektorem<\/b> w celu uzyskania aktualnych danych.<\/p>","protected":false},"excerpt":{"rendered":"<p>&nbsp; W okresie trwania zaj\u0119\u0107 W sesji Lektorzy j. angielskiego kliknij kliknij Lektorzy j. niemieckiego, niderlandzkiego, norweskiego, szwedzkiego kliknij kliknij Lektorzy j. francuskiego, hiszpa\u0144skiego, w\u0142oskiego kliknij kliknij Lektorzy j. rosyjskiego kliknij kliknij Po klikni\u0119ciu odpowiedniego odno\u015bnika otworzy si\u0119 strona zawieraj\u0105ca aktualne terminy dy\u017cur\u00f3w oraz adresy mailowe lektor\u00f3w CNJO. Dy\u017cury odbywaj\u0105 si\u0119 wy\u0142\u0105cznie w okresie trwania [&hellip;]<\/p>\n","protected":false},"author":1,"featured_media":0,"parent":0,"menu_order":0,"comment_status":"closed","ping_status":"closed","template":"","meta":{"footnotes":""},"class_list":["post-171","page","type-page","status-publish","hentry","post"],"_links":{"self":[{"href":"https:\/\/szjo.uw.edu.pl\/index.php?rest_route=\/wp\/v2\/pages\/171","targetHints":{"allow":["GET"]}}],"collection":[{"href":"https:\/\/szjo.uw.edu.pl\/index.php?rest_route=\/wp\/v2\/pages"}],"about":[{"href":"https:\/\/szjo.uw.edu.pl\/index.php?rest_route=\/wp\/v2\/types\/page"}],"author":[{"embeddable":true,"href":"https:\/\/szjo.uw.edu.pl\/index.php?rest_route=\/wp\/v2\/users\/1"}],"replies":[{"embeddable":true,"href":"https:\/\/szjo.uw.edu.pl\/index.php?rest_route=%2Fwp%2Fv2%2Fcomments&post=171"}],"version-history":[{"count":25,"href":"https:\/\/szjo.uw.edu.pl\/index.php?rest_route=\/wp\/v2\/pages\/171\/revisions"}],"predecessor-version":[{"id":5380,"href":"https:\/\/szjo.uw.edu.pl\/index.php?rest_route=\/wp\/v2\/pages\/171\/revisions\/5380"}],"wp:attachment":[{"href":"https:\/\/szjo.uw.edu.pl\/index.php?rest_route=%2Fwp%2Fv2%2Fmedia&parent=171"}],"curies":[{"name":"wp","href":"https:\/\/api.w.org\/{rel}","templated":true}]}}