{"id":2963,"date":"2020-09-24T13:51:46","date_gmt":"2020-09-24T11:51:46","guid":{"rendered":"http:\/\/szjo.uw.edu.pl\/?page_id=2963"},"modified":"2023-07-04T06:43:20","modified_gmt":"2023-07-04T06:43:20","slug":"deklaracja-dostepnosci","status":"publish","type":"page","link":"https:\/\/szjo.uw.edu.pl\/?page_id=2963","title":{"rendered":"Deklaracja Dost\u0119pno\u015bci"},"content":{"rendered":"<p><\/p>\n<p id=\"a11y-wstep\"><span id=\"a11y-podmiot\">Uniwersytet Warszawski<\/span>\u00a0zobowi\u0105zuje si\u0119 zapewni\u0107 dost\u0119pno\u015b\u0107 swojej strony internetowej zgodnie z przepisami ustawy z dnia 4 kwietnia 2019 r. o dost\u0119pno\u015bci cyfrowej stron internetowych i aplikacji mobilnych podmiot\u00f3w publicznych. O\u015bwiadczenie w sprawie dost\u0119pno\u015bci ma zastosowanie do strony internetowej\u00a0<a id=\"a11y-url\" href=\"http:\/\/szjo.uw.edu.pl\/\"><strong>szjo.uw.edu.pl<\/strong><\/a><\/p>\n<ul>\n<li>Data publikacji strony internetowej:\u00a0<span id=\"a11y-data-publikacja\"><strong>2016-11-09<\/strong><\/span>.<\/li>\n<li>Data ostatniej istotnej aktualizacji:\u00a0<span id=\"a11y-data-aktualizacja\"><strong>2022-06-02<\/strong><\/span>.<\/li>\n<\/ul>\n<h2>Status zgodno\u015bci z ustaw\u0105 o dost\u0119pno\u015bci cyfrowej<\/h2>\n<div id=\"a11y-status\">\n<p>Strona internetowa jest cz\u0119\u015bciowo zgodna z ustaw\u0105 z dnia 4 kwietnia 2019 r. o dost\u0119pno\u015bci cyfrowej stron internetowych i aplikacji mobilnych podmiot\u00f3w publicznych z powodu niezgodno\u015bci lub wy\u0142\u0105cze\u0144 wymienionych poni\u017cej.<\/p>\n<\/div>\n<ul>\n<li>Linki\n<ul>\n<li>Serwis posiada odno\u015bniki kontekstowe, kt\u00f3rych tre\u015b\u0107 nie informuje jednoznacznie o celu.<\/li>\n<\/ul>\n<\/li>\n<li>Nag\u0142\u00f3wki\n<ul>\n<li>Strony serwisu posiadaj\u0105 b\u0142\u0119dy w definicji hierarchii nag\u0142\u00f3wk\u00f3w lub nie posiadaj\u0105 nag\u0142\u00f3wka H1.<\/li>\n<\/ul>\n<\/li>\n<li>Pozosta\u0142e elementy steruj\u0105ce strony\n<ul>\n<li>Elementy rozwijalne menu g\u0142\u00f3wnego nie s\u0105 dost\u0119pne za pomoc\u0105 klawiatury.<\/li>\n<li>W serwisie wyst\u0119puj\u0105 problemy z obs\u0142ug\u0105 menu rozwijalnego przy u\u017cyciu programu odczytu ekranu &#8211; brak komunikatu informuj\u0105cego, \u017ce menu zosta\u0142o rozwini\u0119te.<\/li>\n<\/ul>\n<\/li>\n<li>Elementy klikalne\n<ul>\n<li>Elementy menu g\u0142\u00f3wnego nie s\u0105 dost\u0119pne z poziomu klawiatury.<\/li>\n<li>Serwis posiada listy rozwijane, kt\u00f3re nie s\u0105 obs\u0142ugiwane za pomoc\u0105 klawiatury.<\/li>\n<\/ul>\n<\/li>\n<li>Tabele\n<ul>\n<li>Lewa kolumna nie zawiera znacznik\u00f3w nag\u0142\u00f3wka<\/li>\n<\/ul>\n<\/li>\n<li>Mapa serwisu, logika i zrozumia\u0142o\u015b\u0107 struktury, \u0142atwo\u015b\u0107 odnajdywania informacji\n<ul>\n<li>Serwis nie posiada mapy stron.<\/li>\n<\/ul>\n<\/li>\n<li>Inne zauwa\u017cone problemy zwi\u0105zane z dost\u0119pno\u015bci\u0105 dla Screen Readera (opis i wskazanie miejsca)\n<ul>\n<li>Menu rozwijane strony jest niedost\u0119pne dla programu odczytu ekranu<\/li>\n<\/ul>\n<\/li>\n<li>Kontrasty i kolorystyka strony\n<ul>\n<li>Serwis posiada elementy nie spe\u0142niaj\u0105ce wymog\u00f3w kontrastu.<\/li>\n<\/ul>\n<\/li>\n<li>Widoczno\u015b\u0107 fokusa klawiatury\n<ul>\n<li>Serwis ukrywa widoczno\u015b\u0107 fokusa klawiatury.<\/li>\n<\/ul>\n<\/li>\n<li>Dost\u0119pno\u015b\u0107 element\u00f3w klikalnych\n<ul>\n<li>Serwis zawiera elementy klikalne, kt\u00f3re nie s\u0105 obs\u0142ugiwane przy u\u017cyciu klawiatury.<\/li>\n<\/ul>\n<\/li>\n<li>Elementy dynamiczne strony\n<ul>\n<li>Serwis posiada elementy rozwijalne, kt\u00f3re nie s\u0105 dost\u0119pne przy u\u017cyciu klawiatury.<\/li>\n<\/ul>\n<\/li>\n<li>Wyr\u00f3\u017cnienie link\u00f3w i innych istotnych element\u00f3w strony\n<ul>\n<li>Strona zawiera odno\u015bniki wyr\u00f3\u017cnione jedynie kolorem.<\/li>\n<\/ul>\n<\/li>\n<li>Logiczna kolejno\u015b\u0107 fokusa klawiatury\n<ul>\n<li>Niekt\u00f3re istotne elementy strony s\u0105 pomini\u0119te w tabindex.<\/li>\n<\/ul>\n<\/li>\n<li>Walidacja html\/css\n<ul>\n<li>W serwisie wyst\u0119puj\u0105 problemy z walidacj\u0105 HTML.<\/li>\n<\/ul>\n<\/li>\n<li>Dost\u0119pno\u015b\u0107 interfejsu u\u017cytkownika\n<ul>\n<li>Interfejs serwisu zawiera elementy niedost\u0119pne lub trudne w obs\u0142udze.<\/li>\n<\/ul>\n<\/li>\n<\/ul>\n<p>O\u015bwiadczenie sporz\u0105dzono dnia:\u00a0<span id=\"a11y-data-sporzadzenie\"><strong>2023-06-30<\/strong><\/span>.<\/p>\n<p>Deklaracj\u0119 sporz\u0105dzono na podstawie samooceny przeprowadzonej przez podmiot publiczny:\u00a0<span id=\" a11y-audytor\"><strong><a href=\"https:\/\/bon.uw.edu.pl\/\">Biuro ds. Os\u00f3b z Niepe\u0142nosprawno\u015bciami UW<\/a><\/strong><\/span>.<\/p>\n<p>Wyniki przeprowadzonej oceny zapewnienia dost\u0119pno\u015bci cyfrowej strony internetowej:\u00a0<strong><a href=\"https:\/\/audyt.bon.uw.edu.pl\/szczegoly-audytu\/25?token=ag6M3BbUT74KC10JnXHwpqP1gzEH3c6H\" target=\"_blank\" rel=\"noopener\">Raport badania audytowego<\/a><\/strong><\/p>\n<h2>Skr\u00f3ty klawiaturowe<\/h2>\n<p>Na stronie\u00a0<strong><a href=\"http:\/\/szjo.uw.edu.pl\/\">szjo.uw.edu.pl<\/a><\/strong>\u00a0nie zastosowano \u017cadnych specjalnych skr\u00f3t\u00f3w klawiaturowych.<\/p>\n<h2 id=\"a11y-kontakt\">Informacje zwrotne i dane kontaktowe<\/h2>\n<p>Osob\u0105 kontaktow\u0105 w sprawach zwi\u0105zanych z dost\u0119pno\u015bci\u0105 tej strony internetowej jest\u00a0<span id=\"a11y-osoba\"><strong>Bartosz Jurczak<\/strong><\/span>. W przypadku problem\u00f3w z dost\u0119pno\u015bci\u0105 strony internetowej prosimy o kontakt: e-mail:\u00a0<span id=\"a11y-email\"><strong>bartosz.jurczak@uw.edu.pl<\/strong><\/span>, telefon\u00a0<span id=\"a11y-telefon\"><strong>531080727<\/strong><\/span>. T\u0105 sam\u0105 drog\u0105 mo\u017cna sk\u0142ada\u0107 wnioski o udost\u0119pnienie informacji niedost\u0119pnej oraz sk\u0142ada\u0107 \u017c\u0105dania zapewnienia dost\u0119pno\u015bci.<\/p>\n<h2 id=\"a11y-procedura\">Procedura wnioskowo-skargowa<\/h2>\n<p>Ka\u017cdy ma prawo do wyst\u0105pienia z \u017c\u0105daniem zapewnienia dost\u0119pno\u015bci cyfrowej strony internetowej, aplikacji mobilnej lub jakiego\u015b ich elementu. Mo\u017cna tak\u017ce za\u017c\u0105da\u0107 udost\u0119pnienia informacji za pomoc\u0105 alternatywnego sposobu dost\u0119pu, na przyk\u0142ad przez odczytanie niedost\u0119pnego cyfrowo dokumentu, opisanie zawarto\u015bci filmu bez audiodeskrypcji itp.<\/p>\n<p>\u017b\u0105danie powinno zawiera\u0107 dane osoby zg\u0142aszaj\u0105cej \u017c\u0105danie, wskazanie, o kt\u00f3r\u0105 stron\u0119 internetow\u0105 lub aplikacj\u0119 mobiln\u0105 chodzi oraz spos\u00f3b kontaktu. Je\u017celi osoba \u017c\u0105daj\u0105ca zg\u0142asza potrzeb\u0119 otrzymania informacji za pomoc\u0105 alternatywnego sposobu dost\u0119pu, powinna tak\u017ce okre\u015bli\u0107 dogodny dla niej spos\u00f3b przedstawienia tej informacji.<\/p>\n<p>Podmiot publiczny powinien zrealizowa\u0107 \u017c\u0105danie niezw\u0142ocznie, nie p\u00f3\u017aniej ni\u017c w ci\u0105gu 7 dni od dnia wyst\u0105pienia z \u017c\u0105daniem. Je\u017celi dotrzymanie tego terminu nie jest mo\u017cliwe, podmiot publiczny niezw\u0142ocznie informuje o tym wnosz\u0105cego \u017c\u0105danie, kiedy realizacja \u017c\u0105dania b\u0119dzie mo\u017cliwa, przy czym termin ten nie mo\u017ce by\u0107 d\u0142u\u017cszy ni\u017c 2 miesi\u0105ce od dnia wyst\u0105pienia z \u017c\u0105daniem.<\/p>\n<p>Je\u017celi zapewnienie dost\u0119pno\u015bci cyfrowej nie jest mo\u017cliwe, podmiot publiczny mo\u017ce zaproponowa\u0107 alternatywny spos\u00f3b dost\u0119pu do informacji. W przypadku, gdy podmiot publiczny odm\u00f3wi realizacji \u017c\u0105dania zapewnienia dost\u0119pno\u015bci lub alternatywnego sposobu dost\u0119pu do informacji, wnosz\u0105cy \u017c\u0105danie mo\u017ce z\u0142o\u017cy\u0107 skarg\u0119 w sprawie zapewniana dost\u0119pno\u015bci cyfrowej strony internetowej, aplikacji mobilnej lub elementu strony internetowej, lub aplikacji mobilnej. Po wyczerpaniu wskazanej wy\u017cej procedury mo\u017cna tak\u017ce z\u0142o\u017cy\u0107 wniosek do\u00a0<a href=\"https:\/\/www.rpo.gov.pl\/\"><strong>Rzecznika Praw Obywatelskich.<\/strong><\/a><\/p>\n<h2 id=\"a11y-architektura\">Dost\u0119pno\u015b\u0107 architektoniczna<\/h2>\n<p><strong><a href=\"http:\/\/budynki.bon.uw.edu.pl\/\">Pe\u0142en wykaz budynk\u00f3w nale\u017c\u0105cych do UW wraz z informacjami nt. ich dost\u0119pno\u015bci architektonicznej<\/a><\/strong>.<\/p>\n<p>Jednostka Prowadz\u0105ca deklaruje dost\u0119pno\u015b\u0107 architektoniczn\u0105 budynku:\u00a0<strong>Pa\u0142ac Zamojskich &#8211; Nowy \u015awiat 69, Nowy \u015awiat 69, 00-046 Warszawa<\/strong><\/p>\n<p>Kierownik \/ Dyrektor administracyjny:\u00a0<strong>Jolanta Mitek-Rutkowska<\/strong><\/p>\n<p>Telefon:\u00a0<strong>602-25 48 46 lub 55 20 297<\/strong><\/p>\n<p>Email:\u00a0<strong>jolamitek@adm.uw.edu.pl<\/strong><\/p>\n<h3>Wej\u015bcie do budynku<\/h3>\n<p>Do budynku prowadz\u0105 cztery wej\u015bcia. Jedno od ulicy i trzy od strony podw\u00f3rza. Tylko jedno wej\u015bcie od podw\u00f3rza, kl.A jest w pe\u0142ni przystosowane dla os\u00f3b niepe\u0142nosprawnych. Dost\u0119pny jest podjazd-pochylnia, drzwi maj\u0105 szeroko\u015b\u0107 120 cm i otwieraj\u0105 si\u0119 automatycznie za pomoc\u0105 przycisku. Swobodnie mo\u017cna dosta\u0107 si\u0119 do windy i na ka\u017cd\u0105 kondygnacj\u0119 z pi\u0119ciu mo\u017cliwych w tym skrzydle budynku. Drugie skrzyd\u0142o jest zupe\u0142nie niedost\u0119pne dla os\u00f3b niepe\u0142nosprawnych.<\/p>\n<h3>Korytarze i przej\u015bcia<\/h3>\n<p>Klatka A: korytarz p\u0142aski, bez barier, \u0142atwy dost\u0119p do windy do pi\u0119ciokondygnacyjnego skrzyd\u0142a budynku. Sala 210 na drugim pi\u0119trze ma wysoko umieszczon\u0105 klamk\u0119, na wysoko\u015bci 127 cm. Pok\u00f3j 164 administracyjny Wydz. Filozofii ma podniesion\u0105 klamk\u0119 na wysoko\u015b\u0107 120 cm. Brak mo\u017cliwo\u015bci dostania si\u0119 do trzykondygnacyjnej cz\u0119\u015bci budynku: brak windy oraz wysokie schody. Klatka B wyposa\u017cona jest w wind\u0119, ale zbyt ma\u0142\u0105 by zmie\u015bci\u0107 w\u00f3zek. Szeroko\u015b\u0107 przej\u015b\u0107 powy\u017cej 90 cm.<\/p>\n<h3>Procedury<\/h3>\n<p>Przedostanie si\u0119 do sal i toalet na kl. B wymaga pomocy os\u00f3b trzecich. Winda jest zbyt ma\u0142a by zmie\u015bci\u0107 w\u00f3zek.<\/p>\n<h3>Dodatkowa pomoc<\/h3>\n<p>Nie mo\u017cemy zagwarantowa\u0107 sta\u0142ej pomocy. Mo\u017cliwa jest dora\u017ana pomoc.<\/p>\n<h3>\u0141azienki, toalety, szatnie<\/h3>\n<p>Szatnia jest dost\u0119pna tylko na kl. A. \u0141azienki dla os\u00f3b niepe\u0142nosprawnych znajduj\u0105 si\u0119 na pi\u0119trze I, II, III.<\/p>\n<h3>Dodatkowe dostosowania<\/h3>\n<p>Winda wyposa\u017cona w informacje g\u0142osowe. Brak pozosta\u0142ych udogodnie\u0144.<\/p>\n<h3>Dojazd i miejsca parkingowe<\/h3>\n<p>Dost\u0119pne jest miejsce parkingowe.<\/p>\n<h3>Prawo wst\u0119pu z psem asystuj\u0105cym<\/h3>\n<p>Nie ma ogranicze\u0144 wst\u0119pu z psem asystuj\u0105cym.<\/p>\n<h3>T\u0142umacz PJM<\/h3>\n<p id=\"a11y-wstep\">Potrzeb\u0119 skorzystania z pomocy t\u0142umacza PJM nale\u017cy sk\u0142ada\u0107 do Biura ds. Os\u00f3b Niepe\u0142nosprawnych UW z co najmniej 3 dniowym wyprzedzeniem. Kontakt do BON: \/22\/ 55 24 22, bon@uw.edu.pl, www.bon.uw.edu.pl.<\/p>\n<p><\/p>","protected":false},"excerpt":{"rendered":"<p>Uniwersytet Warszawski\u00a0zobowi\u0105zuje si\u0119 zapewni\u0107 dost\u0119pno\u015b\u0107 swojej strony internetowej zgodnie z przepisami ustawy z dnia 4 kwietnia 2019 r. o dost\u0119pno\u015bci cyfrowej stron internetowych i aplikacji mobilnych podmiot\u00f3w publicznych. O\u015bwiadczenie w sprawie dost\u0119pno\u015bci ma zastosowanie do strony internetowej\u00a0szjo.uw.edu.pl Data publikacji strony internetowej:\u00a02016-11-09. Data ostatniej istotnej aktualizacji:\u00a02022-06-02. Status zgodno\u015bci z ustaw\u0105 o dost\u0119pno\u015bci cyfrowej Strona internetowa jest [&hellip;]<\/p>\n","protected":false},"author":1,"featured_media":0,"parent":0,"menu_order":0,"comment_status":"closed","ping_status":"closed","template":"","meta":{"footnotes":""},"class_list":["post-2963","page","type-page","status-publish","hentry","post"],"_links":{"self":[{"href":"https:\/\/szjo.uw.edu.pl\/index.php?rest_route=\/wp\/v2\/pages\/2963","targetHints":{"allow":["GET"]}}],"collection":[{"href":"https:\/\/szjo.uw.edu.pl\/index.php?rest_route=\/wp\/v2\/pages"}],"about":[{"href":"https:\/\/szjo.uw.edu.pl\/index.php?rest_route=\/wp\/v2\/types\/page"}],"author":[{"embeddable":true,"href":"https:\/\/szjo.uw.edu.pl\/index.php?rest_route=\/wp\/v2\/users\/1"}],"replies":[{"embeddable":true,"href":"https:\/\/szjo.uw.edu.pl\/index.php?rest_route=%2Fwp%2Fv2%2Fcomments&post=2963"}],"version-history":[{"count":3,"href":"https:\/\/szjo.uw.edu.pl\/index.php?rest_route=\/wp\/v2\/pages\/2963\/revisions"}],"predecessor-version":[{"id":4575,"href":"https:\/\/szjo.uw.edu.pl\/index.php?rest_route=\/wp\/v2\/pages\/2963\/revisions\/4575"}],"wp:attachment":[{"href":"https:\/\/szjo.uw.edu.pl\/index.php?rest_route=%2Fwp%2Fv2%2Fmedia&parent=2963"}],"curies":[{"name":"wp","href":"https:\/\/api.w.org\/{rel}","templated":true}]}}