{"id":3596,"date":"2023-03-02T09:46:47","date_gmt":"2023-03-02T09:46:47","guid":{"rendered":"https:\/\/szjo.uw.edu.pl\/?page_id=3596"},"modified":"2025-06-22T12:25:11","modified_gmt":"2025-06-22T12:25:11","slug":"sekretariaty","status":"publish","type":"page","link":"https:\/\/szjo.uw.edu.pl\/?page_id=3596","title":{"rendered":"Sekretariaty"},"content":{"rendered":"<p><\/p>\n<h2><span style=\"font-weight: 400;\">Sekretariat ds. studenckich<\/span><\/h2>\n<ul>\n<li><b>E-mail:\u00a0<\/b><a href=\"mailto:student.szjo@uw.edu.pl\"><span style=\"font-weight: 400;\">student.cnjo@uw.edu.pl<\/span><\/a><span style=\"font-weight: 400;\">\u00a0<\/span><\/li>\n<li><b>Pracownicy:\u00a0<\/b><span style=\"font-weight: 400;\">Ma\u0142gorzata Zda\u0144ska, specjalista, <\/span><a href=\"mailto:m.zdanska@uw.edu.pl\"><span style=\"font-weight: 400;\">m.zdanska@uw.edu.pl<\/span><\/a><span style=\"font-weight: 400;\">; Monika Rutkowska, referent, <\/span><a href=\"mailto:me.rutkowska2@uw.edu.pl\"><span style=\"font-weight: 400;\">me.rutkowska2@uw.edu.pl<\/span><\/a>,<span style=\"font-weight: 400;\">\u00a0<\/span><span style=\"font-weight: 400;\">\u00a0Ewa \u017burawska, specjalista,<\/span> <a href=\"mailto:e.zurawska2@uw.edu.pl\"><span style=\"font-weight: 400;\">e.zurawska2@uw.edu.pl<\/span><\/a>, \u0141ukasz K\u0119ska, referent, <a href=\"mailto:l.keska@uw.edu.pl\" target=\"_blank\" rel=\"noopener\">l.keska@uw.edu.pl<\/a><\/li>\n<li><b>Adres:\u00a0<\/b><a href=\"http:\/\/www.openstreetmap.org\/?mlat=52.24028&amp;mlon=21.01785#map=18\/52.24028\/21.01785\"><span style=\"font-weight: 400;\">Krakowskie Przedmie\u015bcie 26\/28<\/span><\/a><span style=\"font-weight: 400;\">, 00-927 Warszawa, p. 15<\/span><\/li>\n<li><b>Telefon:\u00a0<\/b><span style=\"font-weight: 400;\">22 55 20 523 \/ 22 55 21 524<\/span><\/li>\n<li><b>Godziny otwarcia: <\/b><span style=\"font-weight: 400;\">poniedzia\u0142ek &#8211; czwartek 09:00 &#8211; 14:00;\u00a0<\/span><span style=\"font-weight: 400;\">pi\u0105tek nieczynny<\/span><\/li>\n<li><b>Przerwa: <\/b><span style=\"font-weight: 400;\">12.10 \u2013 12.30<\/span><\/li>\n<\/ul>\n<h2><span style=\"font-weight: 400;\">Sekretariat ds. pracowniczych<\/span><\/h2>\n<ul>\n<li><b>E-mail:\u00a0<\/b><a href=\"mailto:pracownik.szjo@uw.edu.pl\"><span style=\"font-weight: 400;\">pracownik.cnjo@uw.edu.pl<\/span><\/a><span style=\"font-weight: 400;\">\u00a0<\/span><\/li>\n<li><b>Pracownicy: <\/b><span style=\"font-weight: 400;\">Anna Kalbarczyk, specjalista, <\/span><a href=\"mailto:ak.szjo@uw.edu.pl\"><span style=\"font-weight: 400;\">ak.szjo@uw.edu.pl<\/span><\/a><span style=\"font-weight: 400;\"><span style=\"font-weight: 400;\"> ; Ewa Zakrzewska, specjalista, <\/span><\/span><a href=\"mailto:e.zakrzewska12@uw.edu.pl\">e.zakrzewska12@uw.edu.pl<\/a><\/li>\n<li><b>Adres:<\/b><span style=\"font-weight: 400;\">\u00a0<\/span><a href=\"http:\/\/www.openstreetmap.org\/?mlat=52.23831&amp;mlon=21.01725#map=18\/52.23831\/21.01725\"><span style=\"font-weight: 400;\">Nowy \u015awiat 69<\/span><\/a><span style=\"font-weight: 400;\">, 00-927 Warszawa, p. 18<\/span><\/li>\n<li><b>Telefon:\u00a0<\/b><span style=\"font-weight: 400;\">22 55 20 128<\/span><\/li>\n<li><b>Godziny otwarcia: <\/b><span style=\"font-weight: 400;\">poniedzia\u0142ek i \u015broda 09.00 \u2013 14.00;\u00a0<\/span><span style=\"font-weight: 400;\">wtorek i czwartek 10.00 \u2013 15.00;\u00a0\u00a0<\/span><span style=\"font-weight: 400;\">pi\u0105tek nieczynny<\/span><\/li>\n<li><b>Przerwa: <\/b><span style=\"font-weight: 400;\">12.00 \u2013 12.20<\/span><\/li>\n<\/ul>\n<h2><span style=\"font-weight: 400;\">Sekcja finansowa<\/span><\/h2>\n<ul>\n<li><b>Pracownicy: <\/b><span style=\"font-weight: 400;\">Karolina W\u00f3jcik, specjalista, <\/span><a href=\"mailto:ka.wojcik@uw.edu.pl\"><span style=\"font-weight: 400;\">ka.wojcik@uw.edu.pl <\/span><\/a><span style=\"font-weight: 400;\">&#8211; urlop<\/span><\/li>\n<li><b>Adres: <\/b><a href=\"http:\/\/www.openstreetmap.org\/?mlat=52.23831&amp;mlon=21.01725#map=18\/52.23831\/21.01725\"><span style=\"font-weight: 400;\">Nowy \u015awiat 69<\/span><\/a><span style=\"font-weight: 400;\">, 00-927 Warszawa, p. 19<\/span><\/li>\n<li><b>Telefon: <\/b><span style=\"font-weight: 400;\">22 55 20 133<\/span><\/li>\n<\/ul>\n<p>&nbsp;<\/p>","protected":false},"excerpt":{"rendered":"<p>Sekretariat ds. studenckich E-mail:\u00a0student.cnjo@uw.edu.pl\u00a0 Pracownicy:\u00a0Ma\u0142gorzata Zda\u0144ska, specjalista, m.zdanska@uw.edu.pl; Monika Rutkowska, referent, me.rutkowska2@uw.edu.pl,\u00a0\u00a0Ewa \u017burawska, specjalista, e.zurawska2@uw.edu.pl, \u0141ukasz K\u0119ska, referent, l.keska@uw.edu.pl Adres:\u00a0Krakowskie Przedmie\u015bcie 26\/28, 00-927 Warszawa, p. 15 Telefon:\u00a022 55 20 523 \/ 22 55 21 524 Godziny otwarcia: poniedzia\u0142ek &#8211; czwartek 09:00 &#8211; 14:00;\u00a0pi\u0105tek nieczynny Przerwa: 12.10 \u2013 12.30 Sekretariat ds. pracowniczych E-mail:\u00a0pracownik.cnjo@uw.edu.pl\u00a0 Pracownicy: Anna Kalbarczyk, [&hellip;]<\/p>\n","protected":false},"author":1,"featured_media":0,"parent":0,"menu_order":0,"comment_status":"closed","ping_status":"closed","template":"","meta":{"footnotes":""},"class_list":["post-3596","page","type-page","status-publish","hentry","post"],"_links":{"self":[{"href":"https:\/\/szjo.uw.edu.pl\/index.php?rest_route=\/wp\/v2\/pages\/3596","targetHints":{"allow":["GET"]}}],"collection":[{"href":"https:\/\/szjo.uw.edu.pl\/index.php?rest_route=\/wp\/v2\/pages"}],"about":[{"href":"https:\/\/szjo.uw.edu.pl\/index.php?rest_route=\/wp\/v2\/types\/page"}],"author":[{"embeddable":true,"href":"https:\/\/szjo.uw.edu.pl\/index.php?rest_route=\/wp\/v2\/users\/1"}],"replies":[{"embeddable":true,"href":"https:\/\/szjo.uw.edu.pl\/index.php?rest_route=%2Fwp%2Fv2%2Fcomments&post=3596"}],"version-history":[{"count":25,"href":"https:\/\/szjo.uw.edu.pl\/index.php?rest_route=\/wp\/v2\/pages\/3596\/revisions"}],"predecessor-version":[{"id":5340,"href":"https:\/\/szjo.uw.edu.pl\/index.php?rest_route=\/wp\/v2\/pages\/3596\/revisions\/5340"}],"wp:attachment":[{"href":"https:\/\/szjo.uw.edu.pl\/index.php?rest_route=%2Fwp%2Fv2%2Fmedia&parent=3596"}],"curies":[{"name":"wp","href":"https:\/\/api.w.org\/{rel}","templated":true}]}}