{"id":3604,"date":"2023-03-02T20:49:33","date_gmt":"2023-03-02T20:49:33","guid":{"rendered":"https:\/\/szjo.uw.edu.pl\/?page_id=3604"},"modified":"2025-06-22T12:26:37","modified_gmt":"2025-06-22T12:26:37","slug":"lokalizacja","status":"publish","type":"page","link":"https:\/\/szjo.uw.edu.pl\/?page_id=3604","title":{"rendered":"Lokalizacja"},"content":{"rendered":"<p><span style=\"font-weight: 400;\">Centrum Nauczania J\u0119zyk\u00f3w Obcych UW dysponuje dwoma w\u0142asnymi budynkami (tzw. \u201enowy\u201d i \u201estary\u201d budynek). <\/span><\/p>\n<p><span style=\"font-weight: 400;\">Lektoraty odbywaj\u0105 si\u0119 r\u00f3wnie\u017c w budynkach wydzia\u0142owych.<\/span><\/p>\n<h3><span style=\"font-weight: 400;\">Budynek <\/span><a href=\"http:\/\/www.openstreetmap.org\/?mlat=52.23831&amp;mlon=21.01725#map=18\/52.23831\/21.01725\" target=\"_blank\" rel=\"noopener\"><span style=\"font-weight: 400;\">ul. Nowy \u015awiat 69<\/span><\/a><span style=\"font-weight: 400;\">, klatka B, II pi\u0119tro (tzw. stary budynek)<\/span><\/h3>\n<ul>\n<li><b>Sale dydaktyczne: <\/b>pokoje 21, 22 i 30<\/li>\n<li><b>Gabinet dyrektora i v-ce dyrektor\u00f3w: <\/b>pok\u00f3j 18<\/li>\n<li><b>Sekretariat ds. pracowniczych: <\/b>pok\u00f3j 18 (tel.\/faks 22 55 20 128)<\/li>\n<li><b>Sekcja finansowa: <\/b>pok\u00f3j 19 (tel. 22 55 20 133)<\/li>\n<li><b>Pokoje zespo\u0142\u00f3w j\u0119zykowych (dy\u017cury \/ konsultacje): <\/b><span style=\"font-weight: 400;\">Zesp\u00f3\u0142 J\u0119zyka Angielskiego \u2013 p. 28;\u00a0<\/span><span style=\"font-weight: 400;\">Zesp\u00f3\u0142 J\u0119zyk\u00f3w Germa\u0144skich \u2013 p. 26; <\/span><span style=\"font-weight: 400;\">Zesp\u00f3\u0142 J\u0119zyk\u00f3w Roma\u0144skich \u2013 p. 24 ; <\/span><span style=\"font-weight: 400;\">Zesp\u00f3\u0142 J\u0119zyka Rosyjskiego \u2013 p. 32\u00a0<\/span><\/li>\n<\/ul>\n<h3><span style=\"font-weight: 400;\">Budynek <\/span><a href=\"http:\/\/www.openstreetmap.org\/?mlat=52.24028&amp;mlon=21.01785#map=18\/52.24028\/21.01785\" target=\"_blank\" rel=\"noopener\"><span style=\"font-weight: 400;\">ul. Krakowskie Przedmie\u015bcie 26\/28<\/span><\/a><span style=\"font-weight: 400;\"> (tzw. nowy budynek)<\/span><\/h3>\n<ul>\n<li><b>Sale dydaktyczne: <\/b>pokoje 3, 4, 6, 11, 12, 13, 14, 21, 22, 23, 24, 25, 33<\/li>\n<li><b>Sekretariat ds. studenckich: <\/b>pok\u00f3j 15 (tel.\/faks: 22 55 20 523, 22 55 21 524)<\/li>\n<li><b>Biblioteka: <\/b>pok\u00f3j 03 (tel. 22 55 20 525)<\/li>\n<li><b>Pok\u00f3j lektor\u00f3w: <\/b>pok\u00f3j 02<\/li>\n<li><b>Pok\u00f3j dy\u017cur\u00f3w: <\/b>pok\u00f3j 37<\/li>\n<li><b>Przepisywanie ocen | portfolio j\u0119zykowe: <\/b>pok\u00f3j 35 (tel. 22 55 20 522)<\/li>\n<li><b>Portiernia i szatnia: <\/b><span style=\"font-weight: 400;\">tel. 22 55 20 526<\/span><\/li>\n<\/ul>\n<p><\/p>","protected":false},"excerpt":{"rendered":"<p>Centrum Nauczania J\u0119zyk\u00f3w Obcych UW dysponuje dwoma w\u0142asnymi budynkami (tzw. \u201enowy\u201d i \u201estary\u201d budynek). Lektoraty odbywaj\u0105 si\u0119 r\u00f3wnie\u017c w budynkach wydzia\u0142owych. Budynek ul. Nowy \u015awiat 69, klatka B, II pi\u0119tro (tzw. stary budynek) Sale dydaktyczne: pokoje 21, 22 i 30 Gabinet dyrektora i v-ce dyrektor\u00f3w: pok\u00f3j 18 Sekretariat ds. pracowniczych: pok\u00f3j 18 (tel.\/faks 22 55 [&hellip;]<\/p>\n","protected":false},"author":1,"featured_media":0,"parent":0,"menu_order":0,"comment_status":"closed","ping_status":"closed","template":"","meta":{"footnotes":""},"class_list":["post-3604","page","type-page","status-publish","hentry","post"],"_links":{"self":[{"href":"https:\/\/szjo.uw.edu.pl\/index.php?rest_route=\/wp\/v2\/pages\/3604","targetHints":{"allow":["GET"]}}],"collection":[{"href":"https:\/\/szjo.uw.edu.pl\/index.php?rest_route=\/wp\/v2\/pages"}],"about":[{"href":"https:\/\/szjo.uw.edu.pl\/index.php?rest_route=\/wp\/v2\/types\/page"}],"author":[{"embeddable":true,"href":"https:\/\/szjo.uw.edu.pl\/index.php?rest_route=\/wp\/v2\/users\/1"}],"replies":[{"embeddable":true,"href":"https:\/\/szjo.uw.edu.pl\/index.php?rest_route=%2Fwp%2Fv2%2Fcomments&post=3604"}],"version-history":[{"count":12,"href":"https:\/\/szjo.uw.edu.pl\/index.php?rest_route=\/wp\/v2\/pages\/3604\/revisions"}],"predecessor-version":[{"id":5342,"href":"https:\/\/szjo.uw.edu.pl\/index.php?rest_route=\/wp\/v2\/pages\/3604\/revisions\/5342"}],"wp:attachment":[{"href":"https:\/\/szjo.uw.edu.pl\/index.php?rest_route=%2Fwp%2Fv2%2Fmedia&parent=3604"}],"curies":[{"name":"wp","href":"https:\/\/api.w.org\/{rel}","templated":true}]}}