{"id":3647,"date":"2023-03-04T20:20:04","date_gmt":"2023-03-04T20:20:04","guid":{"rendered":"https:\/\/szjo.uw.edu.pl\/?page_id=3647"},"modified":"2026-04-24T08:10:23","modified_gmt":"2026-04-24T08:10:23","slug":"wydawanie-certyfikatow-jezykowych","status":"publish","type":"page","link":"https:\/\/szjo.uw.edu.pl\/?page_id=3647","title":{"rendered":"Wydawanie certyfikat\u00f3w j\u0119zykowych"},"content":{"rendered":"<p>&nbsp;<\/p>\n<p>Na<span style=\"font-weight: 400\"> wniosek studenta Centrum Nauczania J\u0119zyk\u00f3w Obcych wydaje odp\u0142atnie Certyfikat Bieg\u0142o\u015bci J\u0119zykowej, potwierdzaj\u0105cy poziom bieg\u0142o\u015bci j\u0119zykowej na podstawie zdanego egzaminu certyfikacyjnego (<\/span><a href=\"https:\/\/monitor.uw.edu.pl\/Lists\/Uchway\/Uchwa%C5%82a.aspx?ID=6203&amp;Source=https%3A%2F%2Fwww%2Emonitor%2Euw%2Eedu%2Epl%2FLists%2FUchway%2FZarzdzenia%2520Rektora%2Easpx%3FPaged%3DTRUE%26p%5Fte%3D2022%26p%5Fee%3D123%252E000000000000%26p%5FID%3D6207%26PageFirstRow%3D31%26%26View%3D%257B4A8D605C%2DAB4A%2D4829%2DAA9D%2DA60315CB4463%257D\" target=\"_blank\" rel=\"noopener\">Zarz\u0105dzenie nr 65 Rektora UW z\u00a0 10 maja 2022 r.<\/a><span style=\"font-weight: 400\">)<\/span><\/p>\n<ol>\n<li><span style=\"font-weight: 400\"><span style=\"font-weight: 400\">Certyfikat wydawany jest w j\u0119zyku polskim\u00a0 (<a href=\"https:\/\/monitor.uw.edu.pl\/Lists\/Uchway\/Attachments\/6075\/M.2021.310.Zarz.156.pdf\">ZARZ\u0104DZENIE NR 156 REKTORA UNIWERSYTETU WARSZAWSKIEGO z dnia 22 grudnia 2021 r.<\/a>\u00a0 <\/span><\/span>Za\u0142\u0105cznik\u00a0 \u00a0nr 1\u00a0 \u00a0\u00a7 9 )<\/li>\n<li><span style=\"font-weight: 400\">Na wniosek kandydata mo\u017ce zosta\u0107 wydany dodatkowy certyfikat w j\u0119zyku angielskim, niemieckim, francuskim lub rosyjskim.<\/span><\/li>\n<li><span style=\"font-weight: 400\">Koszt jednego certyfikatu wynosi 50 z\u0142. (<a href=\"https:\/\/monitor.uw.edu.pl\/Lists\/Uchway\/Uchwa%C5%82a.aspx?ID=6324&amp;Source=https%3A%2F%2Fmonitor%2Euw%2Eedu%2Epl%2Flists%2Fuchway%2Fpostanowienia%2Easpx\" target=\"_blank\" rel=\"noopener\">Postanowienie Rektora UW nr 11 z dnia 30.09.2022<\/a>)<\/span><\/li>\n<li><span style=\"font-weight: 400\">Przybli\u017cony czas realizacji wniosku wynosi 21 dni roboczych<\/span><\/li>\n<li><span style=\"font-weight: 400\">Aby uzyska\u0107 certyfikat, nale\u017cy:<\/span>\n<ul>\n<li><span style=\"font-weight: 400\">pobra\u0107 i wype\u0142ni\u0107 formularz zg\u0142oszeniowy \u2013 <\/span><a href=\"https:\/\/docs.google.com\/document\/d\/13e305TccNB0qtQa6MsAe9-HUNZzNYUT89YUnPToLQo4\/edit?usp=sharing\" target=\"_blank\" rel=\"noopener\"><span style=\"font-weight: 400\">Google docs<\/span><\/a><\/li>\n<li><span style=\"font-weight: 400\">wype\u0142niony wniosek nale\u017cy przes\u0142a\u0107 mailem na adres: wnioski.certyfikaty@uw.edu.pl<\/span><\/li>\n<li><span style=\"font-weight: 400\">wnie\u015b\u0107 op\u0142at\u0119 w wysoko\u015bci 50 z\u0142 za polsk\u0105 wersj\u0119 j\u0119zykow\u0105 (ka\u017cda kolejna wersja j\u0119zykowa to koszt 50 z\u0142) na konto: Uniwersytet Warszawski, Centrum Nauczania J\u0119zyk\u00f3w Obcych, ul. Nowy \u015awiat 69, 00-927 Warszawa 21 1160 2202 0000 0000 6084 9690 z dopiskiem: op\u0142ata za Certyfikat Bieg\u0142o\u015bci J\u0119zykowej<\/span><\/li>\n<li><span style=\"font-weight: 400\">przes\u0142a\u0107 mailowo potwierdzenie przelewu: wnioski.certyfikaty@uw.edu.pl<\/span><\/li>\n<\/ul>\n<\/li>\n<li>Wnioski s\u0105 realizowane w kolejno\u015bci wp\u0142ywu i nie prowadzimy trybu priorytetowego.<\/li>\n<li><span style=\"font-weight: 400\">Po sporz\u0105dzeniu certyfikatu pracownik CNJO wysy\u0142a wnioskodawcy mail z zawiadomieniem o mo\u017cliwo\u015bci jego odbioru, podaj\u0105c najbli\u017csze mo\u017cliwe terminy.<\/span><\/li>\n<li>Certyfikaty wydawane s\u0105 w siedzibie Centrum Nauczania J\u0119zyk\u00f3w Obcych UW, ul. Nowy \u015awiat 69,\u00a0 wej\u015bcie B, p. 18, II pi\u0119tro. W wyj\u0105tkowej sytuacji istnieje mo\u017cliwo\u015b\u0107 wys\u0142ania dokument\u00f3w poczt\u0105 \u2013 listem poleconym priorytetowym, po uprzednim wys\u0142aniu maila z adresem na kt\u00f3ry nale\u017cy wys\u0142a\u0107 dokument.<span style=\"font-weight: 400\"><br \/>\n<\/span><span style=\"font-weight: 400\">Wysy\u0142ka certyfikat\u00f3w ju\u017c wystawionych b\u0119dzie prowadzona na bie\u017c\u0105co, raz w tygodniu.<\/span><\/li>\n<li><span style=\"font-weight: 400\">Wnioskodawca, odbieraj\u0105c certyfikat, sprawdza zgodno\u015b\u0107 danych i po\u015bwiadcza je w\u0142asnor\u0119cznym podpisem na wniosku oraz w ksi\u0119dze rejestracyjnej. W przypadku stwierdzenia niezgodno\u015bci pracownik CNJO przygotowuje poprawiony certyfikat.<\/span><\/li>\n<li><span style=\"font-weight: 400\">Wnioski i nieodebrane certyfikaty przechowywane s\u0105 przez pi\u0119\u0107 lat, a nast\u0119pnie komisyjnie niszczone.<\/span><\/li>\n<li><span style=\"font-weight: 400\">UWAGA! Po odbi\u00f3r certyfikatu nale\u017cy zg\u0142osi\u0107 si\u0119 osobi\u015bcie.<\/span><\/li>\n<\/ol>\n<p>Informujemy, \u017ce najbli\u017cszy dy\u017cur wydawania certyfikat\u00f3w jest wyznaczony w dniach:<\/p>\n<p>27, 28 . 04.2026 &#8211; 10.30-12.00<\/p>\n<p>05, 07 . 05.2026 -10.30-12.00<\/p>\n<p>&nbsp;<\/p>\n<p>Kolejne dy\u017cury b\u0119d\u0105 na bie\u017c\u0105co aktualizowane na stronie.<\/p>","protected":false},"excerpt":{"rendered":"<p>&nbsp; Na wniosek studenta Centrum Nauczania J\u0119zyk\u00f3w Obcych wydaje odp\u0142atnie Certyfikat Bieg\u0142o\u015bci J\u0119zykowej, potwierdzaj\u0105cy poziom bieg\u0142o\u015bci j\u0119zykowej na podstawie zdanego egzaminu certyfikacyjnego (Zarz\u0105dzenie nr 65 Rektora UW z\u00a0 10 maja 2022 r.) Certyfikat wydawany jest w j\u0119zyku polskim\u00a0 (ZARZ\u0104DZENIE NR 156 REKTORA UNIWERSYTETU WARSZAWSKIEGO z dnia 22 grudnia 2021 r.\u00a0 Za\u0142\u0105cznik\u00a0 \u00a0nr 1\u00a0 \u00a0\u00a7 9 [&hellip;]<\/p>\n","protected":false},"author":1,"featured_media":0,"parent":0,"menu_order":0,"comment_status":"closed","ping_status":"closed","template":"","meta":{"footnotes":""},"class_list":["post-3647","page","type-page","status-publish","hentry","post"],"_links":{"self":[{"href":"https:\/\/szjo.uw.edu.pl\/index.php?rest_route=\/wp\/v2\/pages\/3647","targetHints":{"allow":["GET"]}}],"collection":[{"href":"https:\/\/szjo.uw.edu.pl\/index.php?rest_route=\/wp\/v2\/pages"}],"about":[{"href":"https:\/\/szjo.uw.edu.pl\/index.php?rest_route=\/wp\/v2\/types\/page"}],"author":[{"embeddable":true,"href":"https:\/\/szjo.uw.edu.pl\/index.php?rest_route=\/wp\/v2\/users\/1"}],"replies":[{"embeddable":true,"href":"https:\/\/szjo.uw.edu.pl\/index.php?rest_route=%2Fwp%2Fv2%2Fcomments&post=3647"}],"version-history":[{"count":159,"href":"https:\/\/szjo.uw.edu.pl\/index.php?rest_route=\/wp\/v2\/pages\/3647\/revisions"}],"predecessor-version":[{"id":5543,"href":"https:\/\/szjo.uw.edu.pl\/index.php?rest_route=\/wp\/v2\/pages\/3647\/revisions\/5543"}],"wp:attachment":[{"href":"https:\/\/szjo.uw.edu.pl\/index.php?rest_route=%2Fwp%2Fv2%2Fmedia&parent=3647"}],"curies":[{"name":"wp","href":"https:\/\/api.w.org\/{rel}","templated":true}]}}