{"id":3679,"date":"2023-03-04T21:36:54","date_gmt":"2023-03-04T21:36:54","guid":{"rendered":"https:\/\/szjo.uw.edu.pl\/?page_id=3679"},"modified":"2025-09-09T16:01:25","modified_gmt":"2025-09-09T16:01:25","slug":"rejestracja-na-lektoraty","status":"publish","type":"page","link":"https:\/\/szjo.uw.edu.pl\/?page_id=3679","title":{"rendered":"Rejestracja na lektoraty"},"content":{"rendered":"<p><\/p>\n<div>\n<p><strong>1. Test poziomuj\u0105cy<\/strong><\/p>\n<p>Studenci chc\u0105cy po raz pierwszy zarejestrowa\u0107 si\u0119 na zaj\u0119cia z j\u0119zyka angielskiego, francuskiego, hiszpa\u0144skiego, niemieckiego, rosyjskiego i w\u0142oskiego na poziomie B1 lub wy\u017cszym, <strong>musz\u0105\u00a0podda\u0107 si\u0119 testowi poziomuj\u0105cemu on-line z wybranego j\u0119zyka<\/strong>.<\/p>\n<p>Test ma na celu pom\u00f3c w wyborze grupy na w\u0142a\u015bciwym poziomie zaawansowania spo\u015br\u00f3d lektorat\u00f3w oferowanych w ramach Uniwersyteckiego Systemu Nauczania J\u0119zyk\u00f3w Obcych.<\/p>\n<p>Ze wzgl\u0119du na podw\u00f3jn\u0105 migracj\u0119 danych,<strong>\u00a0test poziomuj\u0105cy nale\u017cy wykona\u0107,\u00a0co najmniej na dwa dni przed rejestracj\u0105<\/strong>.<\/p>\n<p>Pe\u0142na informacja dost\u0119pna jest po linkiem [<a href=\"https:\/\/jezyki.obce.uw.edu.pl\/testy-poziomujace-on-line\/\" target=\"_blank\" rel=\"noopener\">kliknij<\/a>]<\/p>\n<p>Testy zamieszczone s\u0105 na\u00a0<a href=\"https:\/\/kampus-jezyki.ckc.uw.edu.pl\/course\/view.php?id=734\" target=\"_blank\" rel=\"noopener\" data-saferedirecturl=\"https:\/\/www.google.com\/url?q=https:\/\/kampus-jezyki.ckc.uw.edu.pl\/course\/view.php?id%3D734&amp;source=gmail&amp;ust=1757507700067000&amp;usg=AOvVaw0EN4WlwqtoLpPFRkIuMlIq\">platformie Kampus<\/a>, administrowanej przez\u00a0<strong>Centrum Kompetencji Cyfrowych UW<\/strong>,\u00a0s\u0105 dost\u0119pne przed i w trakcie kolejnych tur rejestracji na lektorat, po zalogowaniu i podaniu numeru PESEL jako identyfikatora oraz has\u0142a wygenerowanego przez dziekanat.<\/p>\n<p>Przed rozpocz\u0119ciem rejestracji na lektorat student jest zobowi\u0105zany\u00a0do samodzielnego sprawdzenia czy wynik testu poziomuj\u0105cego jest ju\u017c w systemie.\u00a0W tym celu student powinien zalogowa\u0107 si\u0119 na\u00a0<a href=\"https:\/\/usosweb.uw.edu.pl\/kontroler.php?_action=news\/rejestracjeZetonowe#\/registrations\" target=\"_blank\" rel=\"noopener\" data-saferedirecturl=\"https:\/\/www.google.com\/url?q=https:\/\/usosweb.uw.edu.pl\/kontroler.php?_action%3Dnews\/rejestracjeZetonowe%23\/registrations&amp;source=gmail&amp;ust=1757507700067000&amp;usg=AOvVaw13ouOcMYfvcx7ewMf6ZI1R\">stronie USOSweb<\/a>\u00a0i wybra\u0107 konkretn\u0105 grup\u0119\u00a0lektoratow\u0105, do kt\u00f3rej chce ucz\u0119szcza\u0107.<\/p>\n<hr \/>\n<p><strong>2. Rejestracja na lektorat<\/strong><\/p>\n<p>Rejestracj\u0119 na zaj\u0119cia w systemie USOSweb opisuj\u0105 poni\u017csze procedury:<\/p>\n<ul>\n<li>Instrukcja obs\u0142ugi bezpo\u015brednich rejestracji \u017cetonowych w systemie USOSweb na Uniwersytecie Warszawskim: <a href=\"https:\/\/szjo.uw.edu.pl\/wp-content\/uploads\/2025\/05\/Zalacznik_5_BOK_441_9_2025_24_03_25_USOSweb-instrukcja-rozszerzona.pdf\" target=\"_blank\" rel=\"noopener\" data-saferedirecturl=\"https:\/\/www.google.com\/url?q=https:\/\/szjo.uw.edu.pl\/wp-content\/uploads\/2025\/05\/Zalacznik_5_BOK_441_9_2025_24_03_25_USOSweb-instrukcja-rozszerzona.pdf&amp;source=gmail&amp;ust=1757507700067000&amp;usg=AOvVaw39Lw3njfw2ZqB4uQjMsQ6Z\">PDF<\/a><\/li>\n<li>Skr\u00f3cona instrukcja modu\u0142u rejestracji \u017cetonowej w USOSweb:\u00a0<a href=\"https:\/\/szjo.uw.edu.pl\/wp-content\/uploads\/2025\/05\/Zalacznik_7_BOK_441_9_2025_24_03_25-skrocona-instrukcja-rejestracji.pdf\" target=\"_blank\" rel=\"noopener\" data-saferedirecturl=\"https:\/\/www.google.com\/url?q=https:\/\/szjo.uw.edu.pl\/wp-content\/uploads\/2025\/05\/Zalacznik_7_BOK_441_9_2025_24_03_25-skrocona-instrukcja-rejestracji.pdf&amp;source=gmail&amp;ust=1757507700067000&amp;usg=AOvVaw0stB3qRaaqqHkqtS3MpPc_\">PDF<\/a><\/li>\n<\/ul>\n<\/div>\n<p><\/p>","protected":false},"excerpt":{"rendered":"<p>1. Test poziomuj\u0105cy Studenci chc\u0105cy po raz pierwszy zarejestrowa\u0107 si\u0119 na zaj\u0119cia z j\u0119zyka angielskiego, francuskiego, hiszpa\u0144skiego, niemieckiego, rosyjskiego i w\u0142oskiego na poziomie B1 lub wy\u017cszym, musz\u0105\u00a0podda\u0107 si\u0119 testowi poziomuj\u0105cemu on-line z wybranego j\u0119zyka. Test ma na celu pom\u00f3c w wyborze grupy na w\u0142a\u015bciwym poziomie zaawansowania spo\u015br\u00f3d lektorat\u00f3w oferowanych w ramach Uniwersyteckiego Systemu Nauczania J\u0119zyk\u00f3w [&hellip;]<\/p>\n","protected":false},"author":1,"featured_media":0,"parent":0,"menu_order":0,"comment_status":"closed","ping_status":"closed","template":"","meta":{"footnotes":""},"class_list":["post-3679","page","type-page","status-publish","hentry","post"],"_links":{"self":[{"href":"https:\/\/szjo.uw.edu.pl\/index.php?rest_route=\/wp\/v2\/pages\/3679","targetHints":{"allow":["GET"]}}],"collection":[{"href":"https:\/\/szjo.uw.edu.pl\/index.php?rest_route=\/wp\/v2\/pages"}],"about":[{"href":"https:\/\/szjo.uw.edu.pl\/index.php?rest_route=\/wp\/v2\/types\/page"}],"author":[{"embeddable":true,"href":"https:\/\/szjo.uw.edu.pl\/index.php?rest_route=\/wp\/v2\/users\/1"}],"replies":[{"embeddable":true,"href":"https:\/\/szjo.uw.edu.pl\/index.php?rest_route=%2Fwp%2Fv2%2Fcomments&post=3679"}],"version-history":[{"count":16,"href":"https:\/\/szjo.uw.edu.pl\/index.php?rest_route=\/wp\/v2\/pages\/3679\/revisions"}],"predecessor-version":[{"id":5408,"href":"https:\/\/szjo.uw.edu.pl\/index.php?rest_route=\/wp\/v2\/pages\/3679\/revisions\/5408"}],"wp:attachment":[{"href":"https:\/\/szjo.uw.edu.pl\/index.php?rest_route=%2Fwp%2Fv2%2Fmedia&parent=3679"}],"curies":[{"name":"wp","href":"https:\/\/api.w.org\/{rel}","templated":true}]}}