{"id":3682,"date":"2023-03-04T21:47:48","date_gmt":"2023-03-04T21:47:48","guid":{"rendered":"https:\/\/szjo.uw.edu.pl\/?page_id=3682"},"modified":"2025-09-19T08:23:49","modified_gmt":"2025-09-19T08:23:49","slug":"warunki-uzyskania-zaliczenia","status":"publish","type":"page","link":"https:\/\/szjo.uw.edu.pl\/?page_id=3682","title":{"rendered":"Warunki uzyskania zaliczenia"},"content":{"rendered":"<p>Na pocz\u0105tku ka\u017cdego semestru lektor informuje\u00a0 student\u00f3w o szczeg\u00f3\u0142owych zasadach zaliczenia lektoratu, uwzgl\u0119dniaj\u0105cych przedstawione poni\u017cej wytyczne. Zasady zaliczenia powinny by\u0107 r\u00f3wnie\u017c zawarte w opisie lektoratu w USOSweb. Je\u015bli warunki zaliczenia nie zosta\u0142y przedstawione lub je\u015bli opu\u015bci\u0142e\u015b pierwsze zaj\u0119cia, skontaktuj si\u0119 z lektorem.<\/p>\n<p>Je\u017celi student nie osi\u0105gnie satysfakcjonuj\u0105cych wynik\u00f3w w nauce, otrzymuje ocen\u0119 niedostateczn\u0105 i zachowuje mo\u017cliwo\u015b\u0107 poprawy oceny w najbli\u017cszej sesji poprawkowej. Je\u015bli student nie spe\u0142ni\u0142 warunk\u00f3w zaliczenia, ocena nie jest wystawiana oraz nie ma mo\u017cliwo\u015bci zaliczenia semestru w sesji poprawkowej.<\/p>\n<p>Warunki rezygnacji z zaliczenia lektoratu opisane s\u0105 w <a href=\"https:\/\/monitor.uw.edu.pl\/lists\/uchway\/attachments\/4930\/m.2019.186.u.441.pdf\" target=\"_blank\" rel=\"noopener\">Regulaminie Studi\u00f3w<\/a>.<\/p>\n<hr \/>\n<p><strong>Lektoraty tradycyjne (60 godzin)<\/strong><\/p>\n<p>Warunkiem zaliczenia przedmiotu jest uprzednie zapisanie si\u0119 na zaj\u0119cia z tego przedmiotu zgodnie z zasadami zapis\u00f3w na zaj\u0119cia.<\/p>\n<p>Lektoraty tradycyjne obejmuj\u0105 60 godzin zaj\u0119\u0107 stacjonarnych. Obecno\u015b\u0107 na zaj\u0119ciach jest obowi\u0105zkowa. W semestrze mo\u017cna opu\u015bci\u0107 3 zaj\u0119cia bez usprawiedliwienia. Nieobecno\u015bci wykraczaj\u0105ce ponad ten limit nale\u017cy usprawiedliwi\u0107 lub zaliczy\u0107 zgodnie z wymaganiami prowadz\u0105cego zaj\u0119cia. Wymagania te lektor podaje do wiadomo\u015bci student\u00f3w w sylabusie lub na pierwszych zaj\u0119ciach.<\/p>\n<p>Na ocen\u0119 ko\u0144cow\u0105 z zaj\u0119\u0107 j\u0119zykowych sk\u0142adaj\u0105 si\u0119 nast\u0119puj\u0105ce elementy:<\/p>\n<p>&#8211; aktywno\u015b\u0107 i zadania wykonywane\u00a0 na zaj\u0119ciach (25% oceny ko\u0144cowej);<\/p>\n<p>&#8211; wyniki sprawdzian\u00f3w, test\u00f3w cz\u0105stkowych, prac domowych (25% oceny ko\u0144cowej);<\/p>\n<p>&#8211; wynik testu ko\u0144cowego (50% oceny ko\u0144cowej).<\/p>\n<p>Z testu ko\u0144cowego nale\u017cy uzyska\u0107 co najmniej 60% punkt\u00f3w.<\/p>\n<p>Aby uzyska\u0107 ocen\u0119 pozytywn\u0105 nale\u017cy wykaza\u0107 si\u0119 osi\u0105gni\u0119ciami w odniesieniu do ka\u017cdej z wy\u017cej wymienionych kategorii (nie uzyska zaliczenia student, kt\u00f3ry otrzyma 0% w kt\u00f3rejkolwiek kategorii).<\/p>\n<p>Skala ocen<\/p>\n<ul>\n<li aria-level=\"1\">99 \u2013 100% \u00a0 5! (celuj\u0105cy)<\/li>\n<li aria-level=\"1\">93 \u2013 98%\u00a0 \u00a0 \u00a05 (bardzo dobry)<\/li>\n<li aria-level=\"1\">87 \u2013 92%\u00a0 \u00a0 \u00a04+ (dobry plus)<\/li>\n<li aria-level=\"1\">77 \u2013 86% \u00a0 \u00a0 4 (dobry)<\/li>\n<li aria-level=\"1\">71 \u2013 76%\u00a0 \u00a0 \u00a0 3+ (dostateczny plus)<\/li>\n<li aria-level=\"1\">60 \u2013 70% \u00a0 \u00a0 3 (dostateczny)<\/li>\n<\/ul>\n<p>Za zaliczenie 60 godzin zaj\u0119\u0107 student otrzymuje 2 ECTS.<\/p>\n<hr \/>\n<p><strong>Lektoraty tradycyjne (30 godzin)<\/strong><\/p>\n<p>Warunkiem zaliczenia przedmiotu jest uprzednie zapisanie si\u0119 na zaj\u0119cia z tego przedmiotu zgodnie z zasadami zapis\u00f3w na zaj\u0119cia.<\/p>\n<p>Lektoraty tradycyjne obejmuj\u0105 30 godzin zaj\u0119\u0107 stacjonarnych. Obecno\u015b\u0107 na zaj\u0119ciach jest obowi\u0105zkowa. W semestrze mo\u017cna opu\u015bci\u0107 2 zaj\u0119cia bez usprawiedliwienia. Nieobecno\u015bci wykraczaj\u0105ce ponad ten limit nale\u017cy usprawiedliwi\u0107 lub zaliczy\u0107 zgodnie z wymaganiami prowadz\u0105cego zaj\u0119cia. Wymagania te lektor podaje do wiadomo\u015bci student\u00f3w w sylabusie lub na pierwszych zaj\u0119ciach.<\/p>\n<p>Na ocen\u0119 ko\u0144cow\u0105 z zaj\u0119\u0107 j\u0119zykowych sk\u0142adaj\u0105 si\u0119 nast\u0119puj\u0105ce elementy:<\/p>\n<p>&#8211; aktywno\u015b\u0107 i zadania wykonywane\u00a0 na zaj\u0119ciach (25% oceny ko\u0144cowej);<\/p>\n<p>&#8211; wyniki sprawdzian\u00f3w, test\u00f3w cz\u0105stkowych, prac domowych (25% oceny ko\u0144cowej);<\/p>\n<p>&#8211; wynik testu ko\u0144cowego (50% oceny ko\u0144cowej).<\/p>\n<p>Z testu ko\u0144cowego nale\u017cy uzyska\u0107 co najmniej 60% punkt\u00f3w.<\/p>\n<p>Aby uzyska\u0107 ocen\u0119 pozytywn\u0105 nale\u017cy wykaza\u0107 si\u0119 osi\u0105gni\u0119ciami w odniesieniu do ka\u017cdej z wy\u017cej wymienionych kategorii (nie uzyska zaliczenia student, kt\u00f3ry otrzyma 0% w kt\u00f3rejkolwiek kategorii).<\/p>\n<p>Skala ocen<\/p>\n<ul>\n<li aria-level=\"1\">99 \u2013 100% \u00a0 5! (celuj\u0105cy)<\/li>\n<li aria-level=\"1\">93 \u2013 98%\u00a0 \u00a0 \u00a05 (bardzo dobry)<\/li>\n<li aria-level=\"1\">87 \u2013 92%\u00a0 \u00a0 \u00a04+ (dobry plus)<\/li>\n<li aria-level=\"1\">77 \u2013 86% \u00a0 \u00a0 4 (dobry)<\/li>\n<li aria-level=\"1\">71 \u2013 76%\u00a0 \u00a0 \u00a0 3+ (dostateczny plus)<\/li>\n<li aria-level=\"1\">60 \u2013 70% \u00a0 \u00a0 3 (dostateczny)<\/li>\n<\/ul>\n<p>Za zaliczenie 30 godzin zaj\u0119\u0107 student otrzymuje 1 ECTS.<\/p>\n<hr \/>\n<p><strong>Lektoraty p\u00f3\u0142internetowe<\/strong><\/p>\n<p>Warunkiem zaliczenia przedmiotu jest uprzednie zapisanie si\u0119 na zaj\u0119cia z tego przedmiotu zgodnie z zasadami zapis\u00f3w na zaj\u0119cia.<\/p>\n<p>Lektoraty p\u00f3\u0142internetowe obejmuj\u0105 zaj\u0119cia stacjonarne (30 godzin) oraz zaj\u0119cia prowadzone asynchronicznie na platformie Kampus lub Moodle (30 godzin).<\/p>\n<p>Obecno\u015b\u0107 na zaj\u0119ciach stacjonarnych jest obowi\u0105zkowa. W semestrze mo\u017cna opu\u015bci\u0107 2 zaj\u0119cia bez usprawiedliwienia. Nieobecno\u015bci wykraczaj\u0105ce ponad ten limit nale\u017cy usprawiedliwi\u0107 lub zaliczy\u0107 zgodnie z wymaganiami prowadz\u0105cego zaj\u0119cia. Wymagania te lektor podaje do wiadomo\u015bci student\u00f3w w sylabusie lub na pierwszych zaj\u0119ciach.<\/p>\n<p>Na ocen\u0119 ko\u0144cow\u0105 z lektoratu sk\u0142adaj\u0105 si\u0119 nast\u0119puj\u0105ce elementy:<\/p>\n<p>&#8211; \u0107wiczenia obowi\u0105zkowe na platformie Kampus lub Moodle (40% oceny ko\u0144cowej);<\/p>\n<p>&#8211; aktywno\u015b\u0107 i zadania wykonywane\u00a0 na zaj\u0119ciach stacjonarnych (30% oceny ko\u0144cowej);<\/p>\n<p>&#8211; test ko\u0144cowy (30% oceny ko\u0144cowej).<\/p>\n<p>Student musi osi\u0105gn\u0105\u0107 co najmniej wynik 60% za zadania wykonywane na platformie Kampus lub Moodle.<\/p>\n<p>Z testu ko\u0144cowego nale\u017cy uzyska\u0107 co najmniej 60% punkt\u00f3w.<\/p>\n<p>Aby uzyska\u0107 ocen\u0119 pozytywn\u0105 nale\u017cy wykaza\u0107 si\u0119 osi\u0105gni\u0119ciami w odniesieniu do ka\u017cdej z wy\u017cej wymienionych kategorii (nie uzyska zaliczenia student, kt\u00f3ry otrzyma 0% w kt\u00f3rejkolwiek kategorii).<\/p>\n<p>Skala ocen<\/p>\n<ul>\n<li aria-level=\"1\">99 \u2013 100% \u00a0 5! (celuj\u0105cy)<\/li>\n<li aria-level=\"1\">93 \u2013 98% \u00a0 \u00a0 5 (bardzo dobry)<\/li>\n<li aria-level=\"1\">87 \u2013 92% \u00a0 \u00a0 4+ (dobry plus)<\/li>\n<li aria-level=\"1\">77 \u2013 86% \u00a0 \u00a0 4 (dobry)<\/li>\n<li aria-level=\"1\">71 \u2013 76%\u00a0 \u00a0 \u00a0 3+ (dostateczny plus)<\/li>\n<li aria-level=\"1\">60 \u2013 70% \u00a0 \u00a0 3 (dostateczny)<\/li>\n<\/ul>\n<p>Za zaliczenie 60 godzin zaj\u0119\u0107 student otrzymuje 2 ECTS.<\/p>\n<hr \/>\n<p><strong>E-lektoraty (lektoraty z przewag\u0105 nauczania online)<\/strong><\/p>\n<p>Warunkiem zaliczenia przedmiotu jest uprzednie zapisanie si\u0119 na zaj\u0119cia z tego przedmiotu zgodnie z zasadami zapis\u00f3w na zaj\u0119cia.<\/p>\n<p>E-lektoraty obejmuj\u0105 zaj\u0119cia stacjonarne oraz zaj\u0119cia prowadzone asynchronicznie na platformie Kampus.<\/p>\n<p>Obecno\u015b\u0107 na zaj\u0119ciach stacjonarnych jest obowi\u0105zkowa. Nale\u017cy uzyska\u0107 minimum 60% obecno\u015bci. Jest to warunkiem przyst\u0105pienia do testu ko\u0144cowego z ca\u0142o\u015bci materia\u0142u, rozwi\u0105zywanego w sali. Nieobecno\u015bci wykraczaj\u0105ce ponad ten limit nale\u017cy usprawiedliwi\u0107 lub zaliczy\u0107 zgodnie z wymaganiami prowadz\u0105cego zaj\u0119cia. Wymagania te lektor podaje do wiadomo\u015bci student\u00f3w w sylabusie lub na pierwszych zaj\u0119ciach.<\/p>\n<p>Na ocen\u0119 ko\u0144cow\u0105 z lektoratu sk\u0142adaj\u0105 si\u0119 nast\u0119puj\u0105ce elementy:<\/p>\n<p>&#8211; \u0107wiczenia obowi\u0105zkowe na platformie Kampus (55% oceny ko\u0144cowej);<\/p>\n<p>&#8211; aktywno\u015b\u0107 i zadania wykonywane\u00a0 na zaj\u0119ciach stacjonarnych (15% oceny ko\u0144cowej);<\/p>\n<p>&#8211; test ko\u0144cowy (30% oceny ko\u0144cowej).<\/p>\n<p>Student musi osi\u0105gn\u0105\u0107 co najmniej wynik 60% za zadania wykonywane na platformie Kampus.<\/p>\n<p>Z testu ko\u0144cowego nale\u017cy uzyska\u0107 co najmniej 60% punkt\u00f3w.<\/p>\n<p>Skala ocen<\/p>\n<ul>\n<li aria-level=\"1\">99\u2013100%\u00a0 5! (celuj\u0105cy)<\/li>\n<li aria-level=\"1\">93\u201398%\u00a0 \u00a0 5 (bardzo dobry)<\/li>\n<li aria-level=\"1\">87\u201392%\u00a0 \u00a0 4+ (dobry plus)<\/li>\n<li aria-level=\"1\">77\u201386%\u00a0 \u00a0 4 (dobry)<\/li>\n<li aria-level=\"1\">71\u201376%\u00a0 \u00a0 \u00a03+ (dostateczny plus)<\/li>\n<li aria-level=\"1\">60\u201370%\u00a0 \u00a0 3 (dostateczny)<\/li>\n<\/ul>\n<p>Je\u015bli student otrzyma wynik poni\u017cej 60% za zadania obowi\u0105zkowe na platformie Kampus oraz\/lub nie b\u0119dzie obecny na co najmniej 60% zaj\u0119\u0107 stacjonarnych, nie jest dopuszczony do testu ko\u0144cowego i nie uzyskuje zaliczenia.<\/p>\n<p>Je\u017celi student spe\u0142nia warunki dotycz\u0105ce zada\u0144 obowi\u0105zkowych na platformie Kampus oraz obecno\u015bci na zaj\u0119ciach stacjonarnych, a nie uzyska 60% punkt\u00f3w za test ko\u0144cowy, ma prawo do poprawy wyniku testu w kolejnym terminie zaliczenia.<\/p>\n<p>Aby uzyska\u0107 ocen\u0119 pozytywn\u0105 nale\u017cy wykaza\u0107 si\u0119 osi\u0105gni\u0119ciami w odniesieniu do ka\u017cdej z wy\u017cej wymienionych kategorii (nie uzyska zaliczenia student, kt\u00f3ry otrzyma 0% w kt\u00f3rejkolwiek kategorii).<\/p>\n<p>Za zaliczenie 60 godzin zaj\u0119\u0107 student otrzymuje 2 ECTS.<\/p>\n<hr \/>\n<p><strong>Lektoraty w pe\u0142ni internetowe\u00a0<\/strong><\/p>\n<p>Warunkiem zaliczenia przedmiotu jest uprzednie zapisanie si\u0119 na zaj\u0119cia z tego przedmiotu zgodnie z zasadami zapis\u00f3w na zaj\u0119cia.<\/p>\n<p>Lektoraty prowadzone s\u0105 w ca\u0142o\u015bci przez Internet na platformie Kampus.<\/p>\n<p>Na ocen\u0119 ko\u0144cow\u0105 z lektoratu\u00a0 sk\u0142adaj\u0105 si\u0119 nast\u0119puj\u0105ce elementy:<\/p>\n<p>&#8211; \u0107wiczenia obowi\u0105zkowe na platformie Kampus (70% oceny ko\u0144cowej);<\/p>\n<p>&#8211; test ko\u0144cowy (30% oceny ko\u0144cowej).<\/p>\n<p>Aby otrzyma\u0107 zaliczenie, student musi uzyska\u0107 minimum 60% w ka\u017cdej kategorii.<\/p>\n<p>Skala ocen<\/p>\n<ul>\n<li aria-level=\"1\">99 \u2013 100% \u00a0 5! (celuj\u0105cy)<\/li>\n<li aria-level=\"1\">93 \u2013 98% \u00a0 \u00a0 5 (bardzo dobry)<\/li>\n<li aria-level=\"1\">87 \u2013 92% \u00a0 \u00a0 4+ (dobry plus)<\/li>\n<li aria-level=\"1\">77 \u2013 86% \u00a0 \u00a0 4 (dobry)<\/li>\n<li aria-level=\"1\">71 \u2013 76%\u00a0 \u00a0 \u00a0 3+ (dostateczny plus)<\/li>\n<li aria-level=\"1\">60 \u2013 70% \u00a0 \u00a0 3 (dostateczny)<\/li>\n<\/ul>\n<p>Za zaliczenie 60 godzin zaj\u0119\u0107 student otrzymuje 2 ECTS.<\/p>","protected":false},"excerpt":{"rendered":"<p>Na pocz\u0105tku ka\u017cdego semestru lektor informuje\u00a0 student\u00f3w o szczeg\u00f3\u0142owych zasadach zaliczenia lektoratu, uwzgl\u0119dniaj\u0105cych przedstawione poni\u017cej wytyczne. Zasady zaliczenia powinny by\u0107 r\u00f3wnie\u017c zawarte w opisie lektoratu w USOSweb. Je\u015bli warunki zaliczenia nie zosta\u0142y przedstawione lub je\u015bli opu\u015bci\u0142e\u015b pierwsze zaj\u0119cia, skontaktuj si\u0119 z lektorem. Je\u017celi student nie osi\u0105gnie satysfakcjonuj\u0105cych wynik\u00f3w w nauce, otrzymuje ocen\u0119 niedostateczn\u0105 i zachowuje [&hellip;]<\/p>\n","protected":false},"author":1,"featured_media":0,"parent":0,"menu_order":0,"comment_status":"closed","ping_status":"closed","template":"","meta":{"footnotes":""},"class_list":["post-3682","page","type-page","status-publish","hentry","post"],"_links":{"self":[{"href":"https:\/\/szjo.uw.edu.pl\/index.php?rest_route=\/wp\/v2\/pages\/3682","targetHints":{"allow":["GET"]}}],"collection":[{"href":"https:\/\/szjo.uw.edu.pl\/index.php?rest_route=\/wp\/v2\/pages"}],"about":[{"href":"https:\/\/szjo.uw.edu.pl\/index.php?rest_route=\/wp\/v2\/types\/page"}],"author":[{"embeddable":true,"href":"https:\/\/szjo.uw.edu.pl\/index.php?rest_route=\/wp\/v2\/users\/1"}],"replies":[{"embeddable":true,"href":"https:\/\/szjo.uw.edu.pl\/index.php?rest_route=%2Fwp%2Fv2%2Fcomments&post=3682"}],"version-history":[{"count":20,"href":"https:\/\/szjo.uw.edu.pl\/index.php?rest_route=\/wp\/v2\/pages\/3682\/revisions"}],"predecessor-version":[{"id":5421,"href":"https:\/\/szjo.uw.edu.pl\/index.php?rest_route=\/wp\/v2\/pages\/3682\/revisions\/5421"}],"wp:attachment":[{"href":"https:\/\/szjo.uw.edu.pl\/index.php?rest_route=%2Fwp%2Fv2%2Fmedia&parent=3682"}],"curies":[{"name":"wp","href":"https:\/\/api.w.org\/{rel}","templated":true}]}}