{"id":3688,"date":"2023-03-04T22:02:55","date_gmt":"2023-03-04T22:02:55","guid":{"rendered":"https:\/\/szjo.uw.edu.pl\/?page_id=3688"},"modified":"2025-06-22T12:21:54","modified_gmt":"2025-06-22T12:21:54","slug":"platformy-internetowe-ckc-moodle","status":"publish","type":"page","link":"https:\/\/szjo.uw.edu.pl\/?page_id=3688","title":{"rendered":"Platformy internetowe (KAMPUS i MOODLE CNJO)"},"content":{"rendered":"<p>Lektoraty Centrum Nauczania J\u0119zyk\u00f3w Obcych prowadzone cz\u0119\u015bciowo lub w pe\u0142ni przez Internet wykorzystuj\u0105 dwie platformy internetowe:<\/p>\n<h4>Platforma <a href=\"http:\/\/193.0.91.32\/\" target=\"_blank\" rel=\"noopener\">MOODLE CNJO<\/a> obs\u0142uguje lektoraty p\u00f3\u0142internetowe.<\/h4>\n<p style=\"padding-left: 40px;\"><b>Lektoraty p\u00f3\u0142internetowe <\/b><b><br \/>\n<\/b><span style=\"font-weight: 400;\">Po\u0142owa zaj\u0119\u0107 na lektoratach p\u00f3\u0142internetowych prowadzona jest w klasie, a po\u0142owa na platformie internetowej <\/span><a href=\"http:\/\/szjo-moodle.uw.edu.pl\/\" target=\"_blank\" rel=\"noopener\"><span style=\"font-weight: 400;\">MOODLE CNJO<\/span><\/a><span style=\"font-weight: 400;\">. S\u0105 to z regu\u0142y kursy roczne (120 godzin dydaktycznych w ci\u0105gu roku). Po zapisaniu si\u0119 na semestr zimowy student jest automatycznie rejestrowywany na semestr letni, chyba \u017ce samodzielnie wypisze si\u0119 z lektoratu podczas rejestracji na kolejny semestr. W kodzie lektoratu p\u00f3\u0142internetowego znajduj\u0105 si\u0119 litery -PINT-, np. 4024-ANGPINTC1-NEWS.<\/span><\/p>\n<h4>Platforma <a href=\"https:\/\/kampus.come.uw.edu.pl\/?lang=pl\" target=\"_blank\" rel=\"noopener\">KAMPUS<\/a> obs\u0142uguje e-lektoraty i kursy w pe\u0142ni internetowe.<\/h4>\n<p style=\"padding-left: 40px;\"><b>E-lektoraty:<\/b><b><br \/>\n<\/b><span style=\"font-weight: 400;\">S\u0105 to kursy semestralne sk\u0142adaj\u0105ce si\u0119 z 14 godzin dydaktycznych pracy w klasie i 46 godzin pracy na platformie <\/span><a href=\"https:\/\/kampus.come.uw.edu.pl\/?lang=pl\" target=\"_blank\" rel=\"noopener\"><span style=\"font-weight: 400;\">KAMPUS<\/span><\/a><span style=\"font-weight: 400;\">. W e-lektoracie na danym poziomie (oznaczonym tym samym kodem) mo\u017cna uczestniczy\u0107 tylko raz. W kodzie e-lektoratu znajduje si\u0119 litera -S- oraz oznaczenie -1.a lub -1.b (sugeruj\u0105ce kolejno\u015b\u0107 kurs\u00f3w w ramach tego samego poziomu: -1.a sugeruje pierwszy semestr, -1.b sugeruje drugi semestr), np. 4024-ANGSB1.1.a (e-lektorat j\u0119zyka angielskiego z poziomem docelowym B1, pierwszy semestr.<\/span><\/p>\n<p style=\"padding-left: 40px;\"><b>Lektoraty w pe\u0142ni internetowe:<\/b><b><br \/>\n<\/b><span style=\"font-weight: 400;\">S\u0105 to kursy semestralne, obejmuj\u0105ce 60 godzin dydaktycznych pracy w Internecie. Obecnie mamy w ofercie nast\u0119puj\u0105ce kursy: <\/span><\/p>\n<ul>\n<li style=\"list-style-type: none;\">\n<ul>\n<li><span style=\"font-weight: 400;\">\u201eJ\u0119zyk angielski: Elementy j\u0119zyka spotka\u0144 i konferencji, poziom B2\u2033, kod: 4024-ANGB2-ZAS-DYS, <\/span><\/li>\n<li><span style=\"font-weight: 400;\">\u201eJ\u0119zyk angielski: \u201ePisanie streszcze\u0144 w j\u0119zyku angielskim, poziom B2\u201d, kod: 4024-ANGB2-ZAS-STR, <\/span><\/li>\n<li><span style=\"font-weight: 400;\">\u201eJ\u0119zyk angielski: Efektywna komunikacja w biznesie, poziom B2\u2033, kod: 4024-ANGB2-ZAS-EBC.<\/span><\/li>\n<\/ul>\n<\/li>\n<\/ul>\n<p><span style=\"font-weight: 400;\">W\u0142a\u015bciwa platforma dla danego kursu jest wskazana w opisie kursu na stronie <a href=\"https:\/\/rejestracja.usos.uw.edu.pl\/catalogue.php\" target=\"_blank\" rel=\"noopener\">REJESTRACJI \u017bETONOWEJ<\/a>.<\/span><\/p>\n<p><span style=\"font-weight: 400;\">W razie w\u0105tpliwo\u015bci, <a href=\"https:\/\/szjo.uw.edu.pl\/?page_id=171\" target=\"_blank\" rel=\"noopener\">skontaktuj si\u0119 z lektorem prowadz\u0105cym<\/a>.<\/span><\/p>","protected":false},"excerpt":{"rendered":"<p>Lektoraty Centrum Nauczania J\u0119zyk\u00f3w Obcych prowadzone cz\u0119\u015bciowo lub w pe\u0142ni przez Internet wykorzystuj\u0105 dwie platformy internetowe: Platforma MOODLE CNJO obs\u0142uguje lektoraty p\u00f3\u0142internetowe. Lektoraty p\u00f3\u0142internetowe Po\u0142owa zaj\u0119\u0107 na lektoratach p\u00f3\u0142internetowych prowadzona jest w klasie, a po\u0142owa na platformie internetowej MOODLE CNJO. S\u0105 to z regu\u0142y kursy roczne (120 godzin dydaktycznych w ci\u0105gu roku). Po zapisaniu si\u0119 [&hellip;]<\/p>\n","protected":false},"author":1,"featured_media":0,"parent":0,"menu_order":0,"comment_status":"closed","ping_status":"closed","template":"","meta":{"footnotes":""},"class_list":["post-3688","page","type-page","status-publish","hentry","post"],"_links":{"self":[{"href":"https:\/\/szjo.uw.edu.pl\/index.php?rest_route=\/wp\/v2\/pages\/3688","targetHints":{"allow":["GET"]}}],"collection":[{"href":"https:\/\/szjo.uw.edu.pl\/index.php?rest_route=\/wp\/v2\/pages"}],"about":[{"href":"https:\/\/szjo.uw.edu.pl\/index.php?rest_route=\/wp\/v2\/types\/page"}],"author":[{"embeddable":true,"href":"https:\/\/szjo.uw.edu.pl\/index.php?rest_route=\/wp\/v2\/users\/1"}],"replies":[{"embeddable":true,"href":"https:\/\/szjo.uw.edu.pl\/index.php?rest_route=%2Fwp%2Fv2%2Fcomments&post=3688"}],"version-history":[{"count":12,"href":"https:\/\/szjo.uw.edu.pl\/index.php?rest_route=\/wp\/v2\/pages\/3688\/revisions"}],"predecessor-version":[{"id":5339,"href":"https:\/\/szjo.uw.edu.pl\/index.php?rest_route=\/wp\/v2\/pages\/3688\/revisions\/5339"}],"wp:attachment":[{"href":"https:\/\/szjo.uw.edu.pl\/index.php?rest_route=%2Fwp%2Fv2%2Fmedia&parent=3688"}],"curies":[{"name":"wp","href":"https:\/\/api.w.org\/{rel}","templated":true}]}}