{"id":4451,"date":"2023-05-05T14:27:55","date_gmt":"2023-05-05T14:27:55","guid":{"rendered":"https:\/\/szjo.uw.edu.pl\/?page_id=4451"},"modified":"2023-05-05T23:40:21","modified_gmt":"2023-05-05T23:40:21","slug":"nowa-nazwa","status":"publish","type":"page","link":"https:\/\/szjo.uw.edu.pl\/?page_id=4451","title":{"rendered":"Nowa nazwa"},"content":{"rendered":"<p>W pa\u017adzierniku 2023 r. zmieniamy nazw\u0119 na Centrum Nauczania J\u0119zyk\u00f3w Obcych | Centre for Foreign Language Teaching.<\/p>\n<p><img loading=\"lazy\" decoding=\"async\" class=\"alignnone size-full wp-image-4446 aligncenter\" src=\"https:\/\/szjo.uw.edu.pl\/wp-content\/uploads\/2023\/05\/My-project-1-33.jpg\" alt=\"\" width=\"500\" height=\"500\" srcset=\"https:\/\/szjo.uw.edu.pl\/wp-content\/uploads\/2023\/05\/My-project-1-33.jpg 500w, https:\/\/szjo.uw.edu.pl\/wp-content\/uploads\/2023\/05\/My-project-1-33-300x300.jpg 300w, https:\/\/szjo.uw.edu.pl\/wp-content\/uploads\/2023\/05\/My-project-1-33-150x150.jpg 150w\" sizes=\"auto, (max-width: 500px) 100vw, 500px\" \/><\/p>","protected":false},"excerpt":{"rendered":"<p>W pa\u017adzierniku 2023 r. zmieniamy nazw\u0119 na Centrum Nauczania J\u0119zyk\u00f3w Obcych | Centre for Foreign Language Teaching.<\/p>\n","protected":false},"author":2,"featured_media":0,"parent":0,"menu_order":0,"comment_status":"closed","ping_status":"closed","template":"","meta":{"footnotes":""},"class_list":["post-4451","page","type-page","status-publish","hentry","post"],"_links":{"self":[{"href":"https:\/\/szjo.uw.edu.pl\/index.php?rest_route=\/wp\/v2\/pages\/4451","targetHints":{"allow":["GET"]}}],"collection":[{"href":"https:\/\/szjo.uw.edu.pl\/index.php?rest_route=\/wp\/v2\/pages"}],"about":[{"href":"https:\/\/szjo.uw.edu.pl\/index.php?rest_route=\/wp\/v2\/types\/page"}],"author":[{"embeddable":true,"href":"https:\/\/szjo.uw.edu.pl\/index.php?rest_route=\/wp\/v2\/users\/2"}],"replies":[{"embeddable":true,"href":"https:\/\/szjo.uw.edu.pl\/index.php?rest_route=%2Fwp%2Fv2%2Fcomments&post=4451"}],"version-history":[{"count":2,"href":"https:\/\/szjo.uw.edu.pl\/index.php?rest_route=\/wp\/v2\/pages\/4451\/revisions"}],"predecessor-version":[{"id":4463,"href":"https:\/\/szjo.uw.edu.pl\/index.php?rest_route=\/wp\/v2\/pages\/4451\/revisions\/4463"}],"wp:attachment":[{"href":"https:\/\/szjo.uw.edu.pl\/index.php?rest_route=%2Fwp%2Fv2%2Fmedia&parent=4451"}],"curies":[{"name":"wp","href":"https:\/\/api.w.org\/{rel}","templated":true}]}}