{"id":4933,"date":"2024-04-24T08:57:15","date_gmt":"2024-04-24T08:57:15","guid":{"rendered":"https:\/\/szjo.uw.edu.pl\/?page_id=4933"},"modified":"2024-04-25T17:52:24","modified_gmt":"2024-04-25T17:52:24","slug":"rekrutacja-na-stanowisko-lektora-2024","status":"publish","type":"page","link":"https:\/\/szjo.uw.edu.pl\/?page_id=4933","title":{"rendered":"REKRUTACJA NA STANOWISKO LEKTORA 2024"},"content":{"rendered":"<p><\/p>\n<div>\n<p><span style=\"font-weight: 400;\">OG\u0141OSZENIE O KONKURSIE NA STANOWISKO LEKTORA J\u0118ZYKA NIEMIECKIEGO W GRUPIE PRACOWNIK\u00d3W DYDAKTYCZNYCH<\/span><\/p>\n<ul>\n<li><a href=\"https:\/\/bazaogloszen.nauka.gov.pl\/oferta\/lektor-803\/\" target=\"_blank\" rel=\"noopener\" data-saferedirecturl=\"https:\/\/www.google.com\/url?q=https:\/\/bazaogloszen.nauka.gov.pl\/oferta\/lektor-803\/&amp;source=gmail&amp;ust=1714032707035000&amp;usg=AOvVaw0purL8vLJvzEWlDYstt1c1\">czytaj<\/a><\/li>\n<\/ul>\n<p><span style=\"font-weight: 400;\">OG\u0141OSZENIE O KONKURSIE NA STANOWISKO LEKTORA J\u0118ZYKA ANGIELSKIEGO W GRUPIE PRACOWNIK\u00d3W DYDAKTYCZNYCH<\/span><\/p>\n<ul>\n<li><a href=\"https:\/\/bazaogloszen.nauka.gov.pl\/oferta\/lektor-802\/\" target=\"_blank\" rel=\"noopener\" data-saferedirecturl=\"https:\/\/www.google.com\/url?q=https:\/\/bazaogloszen.nauka.gov.pl\/oferta\/lektor-802\/&amp;source=gmail&amp;ust=1714032707035000&amp;usg=AOvVaw23FWswN9N9MxtXktl28oNr\">czytaj<\/a><\/li>\n<\/ul>\n<p>ZASADY PRZEPROWADZANIA KONKURSU NA STANOWISKO NAUCZYCIELA AKADEMICKIEGO W UW<\/p>\n<ul>\n<li><a href=\"https:\/\/monitor.uw.edu.pl\/Lists\/Uchway\/Attachments\/5034\/M.2019.282.Zarz.106.pdf\" target=\"_blank\" rel=\"noopener\" data-saferedirecturl=\"https:\/\/www.google.com\/url?q=https:\/\/monitor.uw.edu.pl\/Lists\/Uchway\/Attachments\/5034\/M.2019.282.Zarz.106.pdf&amp;source=gmail&amp;ust=1714153617809000&amp;usg=AOvVaw3vh0NpKP9QIOc_b0tsSusY\">czytaj<\/a><\/li>\n<\/ul>\n<\/div>\n<header>O\u015aWIADCZENIE O ZAPOZNANIU SI\u0118 Z ZASADAMI PRZEPROWADZANIA KONKURS\u00d3W NA UW<\/header>\n<div>\n<ul>\n<li><a href=\"https:\/\/szjo.uw.edu.pl\/wp-content\/uploads\/2024\/04\/Oswiadczenie-o-zapoznaniu-sie-z-zasadami-przeprowadzania-konkursow-na-UW.docx.pdf\" target=\"_blank\" rel=\"noopener\">Wz\u00f3r o\u015bwiadczenia w j. polskim<\/a><\/li>\n<\/ul>\n<blockquote>\n<p style=\"padding-left: 40px;\">O\u015bwiadczam, \u017ce zapozna\u0142am si\u0119\/zapozna\u0142em si\u0119 i akceptuj\u0119 zasady przeprowadzania konkurs\u00f3w na Uniwersytecie Warszawskim.<\/p>\n<p style=\"padding-left: 40px;\">\u2026\u2026\u2026\u2026\u2026\u2026\u2026\u2026\u2026\u2026\u2026\u2026\u2026\u2026\u2026\u2026\u2026\u2026\u2026\u2026<\/p>\n<p style=\"padding-left: 40px;\">Data i podpis<\/p>\n<\/blockquote>\n<hr \/>\n<ul>\n<li><a href=\"https:\/\/szjo.uw.edu.pl\/wp-content\/uploads\/2024\/04\/Declaration-of-accepting-the-rules-governing-the-competition.docx.pdf\" target=\"_blank\" rel=\"noopener\">Template of declaration in English<\/a><\/li>\n<\/ul>\n<blockquote>\n<p style=\"padding-left: 40px;\">I hereby confirm that I have read and accepted the rules governing competitions for the position of academic staff at Warsaw University.<\/p>\n<p style=\"padding-left: 40px;\">\u2026\u2026\u2026\u2026\u2026\u2026\u2026\u2026\u2026\u2026\u2026\u2026\u2026\u2026\u2026.<\/p>\n<p style=\"padding-left: 40px;\">Date\u00a0and signature<\/p>\n<\/blockquote>\n<\/div>\n<p><\/p>","protected":false},"excerpt":{"rendered":"<p>OG\u0141OSZENIE O KONKURSIE NA STANOWISKO LEKTORA J\u0118ZYKA NIEMIECKIEGO W GRUPIE PRACOWNIK\u00d3W DYDAKTYCZNYCH czytaj OG\u0141OSZENIE O KONKURSIE NA STANOWISKO LEKTORA J\u0118ZYKA ANGIELSKIEGO W GRUPIE PRACOWNIK\u00d3W DYDAKTYCZNYCH czytaj ZASADY PRZEPROWADZANIA KONKURSU NA STANOWISKO NAUCZYCIELA AKADEMICKIEGO W UW czytaj O\u015aWIADCZENIE O ZAPOZNANIU SI\u0118 Z ZASADAMI PRZEPROWADZANIA KONKURS\u00d3W NA UW Wz\u00f3r o\u015bwiadczenia w j. polskim O\u015bwiadczam, \u017ce zapozna\u0142am si\u0119\/zapozna\u0142em [&hellip;]<\/p>\n","protected":false},"author":1,"featured_media":0,"parent":0,"menu_order":0,"comment_status":"closed","ping_status":"closed","template":"","meta":{"footnotes":""},"class_list":["post-4933","page","type-page","status-publish","hentry","post"],"_links":{"self":[{"href":"https:\/\/szjo.uw.edu.pl\/index.php?rest_route=\/wp\/v2\/pages\/4933","targetHints":{"allow":["GET"]}}],"collection":[{"href":"https:\/\/szjo.uw.edu.pl\/index.php?rest_route=\/wp\/v2\/pages"}],"about":[{"href":"https:\/\/szjo.uw.edu.pl\/index.php?rest_route=\/wp\/v2\/types\/page"}],"author":[{"embeddable":true,"href":"https:\/\/szjo.uw.edu.pl\/index.php?rest_route=\/wp\/v2\/users\/1"}],"replies":[{"embeddable":true,"href":"https:\/\/szjo.uw.edu.pl\/index.php?rest_route=%2Fwp%2Fv2%2Fcomments&post=4933"}],"version-history":[{"count":5,"href":"https:\/\/szjo.uw.edu.pl\/index.php?rest_route=\/wp\/v2\/pages\/4933\/revisions"}],"predecessor-version":[{"id":4946,"href":"https:\/\/szjo.uw.edu.pl\/index.php?rest_route=\/wp\/v2\/pages\/4933\/revisions\/4946"}],"wp:attachment":[{"href":"https:\/\/szjo.uw.edu.pl\/index.php?rest_route=%2Fwp%2Fv2%2Fmedia&parent=4933"}],"curies":[{"name":"wp","href":"https:\/\/api.w.org\/{rel}","templated":true}]}}