{"id":5353,"date":"2025-06-23T11:54:11","date_gmt":"2025-06-23T11:54:11","guid":{"rendered":"https:\/\/szjo.uw.edu.pl\/?page_id=5353"},"modified":"2025-06-23T16:11:30","modified_gmt":"2025-06-23T16:11:30","slug":"chatbot","status":"publish","type":"page","link":"https:\/\/szjo.uw.edu.pl\/?page_id=5353","title":{"rendered":"CHATBOT"},"content":{"rendered":"<p><\/p>\n<p dir=\"ltr\"><b>Chatbot<\/b>\u00a0udzielaj\u0105cy informacji\u00a0<b>o lektoratach Centrum Nauczania J\u0119zyk\u00f3w Obcych<\/b>\u00a0(oferta lektorat\u00f3w, rejestracja, zasady zaliczenia, ramowe programy, sekretariaty, biblioteka itp.) dost\u0119pny jest [<a href=\"https:\/\/notebooklm.google.com\/notebook\/9822230c-8581-404b-b35c-6a1a47ec45bd\" target=\"_blank\" rel=\"noopener\" data-saferedirecturl=\"https:\/\/www.google.com\/url?q=https:\/\/notebooklm.google.com\/notebook\/9822230c-8581-404b-b35c-6a1a47ec45bd&amp;source=gmail&amp;ust=1750759175551000&amp;usg=AOvVaw0NRAvkGdeV_fE9EUMfjEtL\">tutaj<\/a>].<\/p>\n<p dir=\"ltr\"><b>Chatbot<\/b>\u00a0udzielaj\u0105cy informacji\u00a0<b>o Centrum Nauczania J\u0119zyk\u00f3w Obcych<\/b> (misja, strategia, rada programowa, dyrekcja, kierownicy zespo\u0142\u00f3w, regulamin, jako\u015b\u0107 kszta\u0142cenia, pe\u0142nomocnik ds. r\u00f3wno\u015bci, historia, itp.) dost\u0119pny jest [<a href=\"https:\/\/notebooklm.google.com\/notebook\/36595f62-d0b7-4695-a509-665c884206cb\" target=\"_blank\" rel=\"noopener\" data-saferedirecturl=\"https:\/\/www.google.com\/url?q=https:\/\/notebooklm.google.com\/notebook\/36595f62-d0b7-4695-a509-665c884206cb&amp;source=gmail&amp;ust=1750759175551000&amp;usg=AOvVaw0R43BLbLT7oQq1Zwxjvbhw\">tutaj<\/a>].<\/p>\n<p dir=\"ltr\">Chatbot nie udziela odpowiedzi na pytania o egzaminy certyfikacyjne. Informacje te znajduj\u0105 si\u0119 na stronie\u00a0<a href=\"https:\/\/jezyki.obce.uw.edu.pl\/\" target=\"_blank\" rel=\"noopener\" data-saferedirecturl=\"https:\/\/www.google.com\/url?q=https:\/\/jezyki.obce.uw.edu.pl\/&amp;source=gmail&amp;ust=1750759175551000&amp;usg=AOvVaw27Jn4Mtpcafu9GzLjOYiIt\">Rady Koordynacyjnej ds. Nauczania J\u0119zyk\u00f3w Obcych i Certyfkiacji Bieg\u0142o\u015bci J\u0119zykowej<\/a>.<\/p>\n<p dir=\"ltr\">Prosimy o weryfikowanie udzielanych odpowiedzi na podstawie oficjalnych informacji zamieszczonych na naszej stronie internetowej. Nie mo\u017cemy zagwarantowa\u0107 pe\u0142nej dok\u0142adno\u015bci odpowiedzi. Obecna wersja chatbota ma dzienny limit zapyta\u0144 (do 50 zapyta\u0144 tekstowych).<\/p>\n<p><\/p>","protected":false},"excerpt":{"rendered":"<p>Chatbot\u00a0udzielaj\u0105cy informacji\u00a0o lektoratach Centrum Nauczania J\u0119zyk\u00f3w Obcych\u00a0(oferta lektorat\u00f3w, rejestracja, zasady zaliczenia, ramowe programy, sekretariaty, biblioteka itp.) dost\u0119pny jest [tutaj]. Chatbot\u00a0udzielaj\u0105cy informacji\u00a0o Centrum Nauczania J\u0119zyk\u00f3w Obcych (misja, strategia, rada programowa, dyrekcja, kierownicy zespo\u0142\u00f3w, regulamin, jako\u015b\u0107 kszta\u0142cenia, pe\u0142nomocnik ds. r\u00f3wno\u015bci, historia, itp.) dost\u0119pny jest [tutaj]. Chatbot nie udziela odpowiedzi na pytania o egzaminy certyfikacyjne. Informacje te znajduj\u0105 [&hellip;]<\/p>\n","protected":false},"author":1,"featured_media":0,"parent":0,"menu_order":0,"comment_status":"closed","ping_status":"closed","template":"","meta":{"footnotes":""},"class_list":["post-5353","page","type-page","status-publish","hentry","post"],"_links":{"self":[{"href":"https:\/\/szjo.uw.edu.pl\/index.php?rest_route=\/wp\/v2\/pages\/5353","targetHints":{"allow":["GET"]}}],"collection":[{"href":"https:\/\/szjo.uw.edu.pl\/index.php?rest_route=\/wp\/v2\/pages"}],"about":[{"href":"https:\/\/szjo.uw.edu.pl\/index.php?rest_route=\/wp\/v2\/types\/page"}],"author":[{"embeddable":true,"href":"https:\/\/szjo.uw.edu.pl\/index.php?rest_route=\/wp\/v2\/users\/1"}],"replies":[{"embeddable":true,"href":"https:\/\/szjo.uw.edu.pl\/index.php?rest_route=%2Fwp%2Fv2%2Fcomments&post=5353"}],"version-history":[{"count":10,"href":"https:\/\/szjo.uw.edu.pl\/index.php?rest_route=\/wp\/v2\/pages\/5353\/revisions"}],"predecessor-version":[{"id":5364,"href":"https:\/\/szjo.uw.edu.pl\/index.php?rest_route=\/wp\/v2\/pages\/5353\/revisions\/5364"}],"wp:attachment":[{"href":"https:\/\/szjo.uw.edu.pl\/index.php?rest_route=%2Fwp%2Fv2%2Fmedia&parent=5353"}],"curies":[{"name":"wp","href":"https:\/\/api.w.org\/{rel}","templated":true}]}}